{"id":4199,"date":"2015-09-01T01:45:14","date_gmt":"2015-09-01T01:45:14","guid":{"rendered":"http:\/\/christophervonmammen.de\/?page_id=4199"},"modified":"2025-12-14T11:05:20","modified_gmt":"2025-12-14T11:05:20","slug":"tarife","status":"publish","type":"page","link":"https:\/\/christophervonmammen.de\/?page_id=4199","title":{"rendered":"Tarife"},"content":{"rendered":"<p align=\"JUSTIFY\">Angeboten werden Instrumentalunterricht f\u00fcr Saxophon, Querfl\u00f6te und Klarinette, Improvisation, musiktheoretischer Unterricht (Harmonielehre, Geh\u00f6rbildung, Recording &amp; Arranging, Musikgeschichte), Grundkenntnisse (Jazz-)Piano, Vorbereitungskurse f\u00fcr Aufnahmepr\u00fcfungen an Musikhochschulen in Pr\u00e4senz und online.<\/p>\n<p align=\"JUSTIFY\">Unterricht mit Vertrag:<\/p>\n<p>Das Honorar versteht sich als Jahresgeb\u00fchr, die f\u00fcr 36 Unterrichtsinheiten pro Kalenderjahr kalkuliert ist.<br \/>\nDas Jahreshonorar ist zahlbar in 12 gleichen monatlichen Raten, die auch w\u00e4hrend der Schulferien zu entrichten sind, und betr\u00e4gt monatlich<\/p>\n<p>bei <strong>30 min<\/strong>\/ Woche <strong>90 \u20ac pro Monat<\/strong><br \/>\nbei <strong>45 min<\/strong>\/ Woche <strong>115 \u20ac pro Monat<\/strong><\/p>\n<p align=\"LEFT\">Unterricht ohne Vertrag:<\/p>\n<p align=\"JUSTIFY\">Ohne Vertrag wird ein abweichendes \u00a0Honorar von <strong>1,00 \u20ac pro Minute<\/strong> berechnet. Der Unterricht findet nach individueller Vereinbarung statt. Der Unterrichtsort ist Hof, Parsevalstra\u00dfe 13.<\/p>\n<p align=\"JUSTIFY\">Bei Verhinderung der Lehrkraft wird der Unterricht \u2013 vorbehaltlich einer anderslautenden Vereinbarung im konkreten Einzelfall \u2013 weder nachgeholt noch verg\u00fctet.<\/p>\n<p align=\"JUSTIFY\">Geschenkgutscheine sind grunds\u00e4tzlich, Mietinstrumente nach Absprache m\u00f6glich.<\/p>\n<h6 align=\"JUSTIFY\">Stand Dez 2025, \u00c4nderungen vorbehalten.<\/h6>\n","protected":false},"excerpt":{"rendered":"<p>Angeboten werden Instrumentalunterricht f\u00fcr Saxophon, Querfl\u00f6te und Klarinette, Improvisation, musiktheoretischer Unterricht (Harmonielehre, Geh\u00f6rbildung, Recording &amp; Arranging, Musikgeschichte), Grundkenntnisse (Jazz-)Piano, Vorbereitungskurse f\u00fcr Aufnahmepr\u00fcfungen an Musikhochschulen in Pr\u00e4senz und online. Unterricht mit Vertrag: Das Honorar versteht sich als Jahresgeb\u00fchr, die f\u00fcr 36 Unterrichtsinheiten pro Kalenderjahr kalkuliert ist. Das Jahreshonorar ist zahlbar in 12 gleichen monatlichen Raten, die auch w\u00e4hrend der Schulferien zu entrichten sind, und betr\u00e4gt monatlich bei 30 min\/ Woche 90 \u20ac pro Monat bei 45 min\/ Woche 115 \u20ac pro Monat Unterricht ohne Vertrag: Ohne Vertrag wird ein abweichendes \u00a0Honorar von 1,00 \u20ac pro Minute berechnet. Der Unterricht findet nach individueller Vereinbarung statt. Der Unterrichtsort ist Hof, Parsevalstra\u00dfe 13. Bei &hellip; <\/p>\n<p class=\"link-more\"><a href=\"https:\/\/christophervonmammen.de\/?page_id=4199\" class=\"more-link\">Mehr <span class=\"screen-reader-text\">\u00fcber &#8222;Tarife&#8220; <\/span>Lesen<\/a><\/p>\n","protected":false},"author":1,"featured_media":0,"parent":0,"menu_order":0,"comment_status":"closed","ping_status":"closed","template":"","meta":{"footnotes":""},"class_list":["post-4199","page","type-page","status-publish","hentry"],"_links":{"self":[{"href":"https:\/\/christophervonmammen.de\/index.php?rest_route=\/wp\/v2\/pages\/4199","targetHints":{"allow":["GET"]}}],"collection":[{"href":"https:\/\/christophervonmammen.de\/index.php?rest_route=\/wp\/v2\/pages"}],"about":[{"href":"https:\/\/christophervonmammen.de\/index.php?rest_route=\/wp\/v2\/types\/page"}],"author":[{"embeddable":true,"href":"https:\/\/christophervonmammen.de\/index.php?rest_route=\/wp\/v2\/users\/1"}],"replies":[{"embeddable":true,"href":"https:\/\/christophervonmammen.de\/index.php?rest_route=%2Fwp%2Fv2%2Fcomments&post=4199"}],"version-history":[{"count":17,"href":"https:\/\/christophervonmammen.de\/index.php?rest_route=\/wp\/v2\/pages\/4199\/revisions"}],"predecessor-version":[{"id":6618,"href":"https:\/\/christophervonmammen.de\/index.php?rest_route=\/wp\/v2\/pages\/4199\/revisions\/6618"}],"wp:attachment":[{"href":"https:\/\/christophervonmammen.de\/index.php?rest_route=%2Fwp%2Fv2%2Fmedia&parent=4199"}],"curies":[{"name":"wp","href":"https:\/\/api.w.org\/{rel}","templated":true}]}}