{"id":4202,"date":"2015-09-01T01:53:00","date_gmt":"2015-09-01T01:53:00","guid":{"rendered":"http:\/\/christophervonmammen.de\/?page_id=4202"},"modified":"2024-04-23T18:09:27","modified_gmt":"2024-04-23T18:09:27","slug":"werkstatt-2","status":"publish","type":"page","link":"https:\/\/christophervonmammen.de\/?page_id=4202","title":{"rendered":"Werkstatt"},"content":{"rendered":"<p align=\"JUSTIFY\">Seit 2004 arbeite ich als Holzblasinstrumentenmacher und habe mich auf die Reparatur, General\u00fcberholung und Restaurierung von Saxophonen aller Art spezialisiert. Seit 2011 werden die Reparaturen und General\u00fcberholungen in der eigenen Werkstatt in Hof durchgef\u00fchrt.<\/p>\n<p align=\"JUSTIFY\">Als Saxophonist stelle ich die Instrumente so ein, dass sie f\u00fcr Anf\u00e4nger als auch f\u00fcr Profis gleicherma\u00dfen angenehm und sehr direkt vom Spielgef\u00fchl her zu spielen sind. Wichtig f\u00fcr mich ist, dass sich die Spielerin\/der Spieler auf dem Instrument \u2013 gerade nach einer General\u00fcberholung \u2013 von Anfang an wohl f\u00fchlt.<\/p>\n<p align=\"JUSTIFY\">Nach einen unverbindlichen Kostenvoranschlag k\u00f6nnen alle Reparaturen an allen Saxophonen auf qualitativ h\u00f6chstem Niveau und fachm\u00e4nnisch durchgef\u00fchrt werden. \u00dcberzeugen Sie sich selbst und lesen Sie dazu unter &#8222;<a href=\"https:\/\/christophervonmammen.de\/?page_id=4493\">Reviews<\/a>&#8222;.<\/p>\n<p align=\"JUSTIFY\">F\u00fcr Reparatur- und Serviceanfragen schreiben Sie mir bitte eine Nachricht \u00fcber das Kontaktformular oder rufen Sie einfach an und vereinbaren einen pers\u00f6nlichen Termin. Vielen Dank!<\/p>\n","protected":false},"excerpt":{"rendered":"<p>Seit 2004 arbeite ich als Holzblasinstrumentenmacher und habe mich auf die Reparatur, General\u00fcberholung und Restaurierung von Saxophonen aller Art spezialisiert. Seit 2011 werden die Reparaturen und General\u00fcberholungen in der eigenen Werkstatt in Hof durchgef\u00fchrt. Als Saxophonist stelle ich die Instrumente so ein, dass sie f\u00fcr Anf\u00e4nger als auch f\u00fcr Profis gleicherma\u00dfen angenehm und sehr direkt vom Spielgef\u00fchl her zu spielen sind. Wichtig f\u00fcr mich ist, dass sich die Spielerin\/der Spieler auf dem Instrument \u2013 gerade nach einer General\u00fcberholung \u2013 von Anfang an wohl f\u00fchlt. Nach einen unverbindlichen Kostenvoranschlag k\u00f6nnen alle Reparaturen an allen Saxophonen auf qualitativ h\u00f6chstem Niveau und fachm\u00e4nnisch durchgef\u00fchrt werden. \u00dcberzeugen Sie sich selbst und lesen Sie dazu &hellip; <\/p>\n<p class=\"link-more\"><a href=\"https:\/\/christophervonmammen.de\/?page_id=4202\" class=\"more-link\">Mehr <span class=\"screen-reader-text\">\u00fcber &#8222;Werkstatt&#8220; <\/span>Lesen<\/a><\/p>\n","protected":false},"author":1,"featured_media":4363,"parent":0,"menu_order":0,"comment_status":"closed","ping_status":"closed","template":"","meta":{"footnotes":""},"class_list":["post-4202","page","type-page","status-publish","has-post-thumbnail","hentry"],"_links":{"self":[{"href":"https:\/\/christophervonmammen.de\/index.php?rest_route=\/wp\/v2\/pages\/4202","targetHints":{"allow":["GET"]}}],"collection":[{"href":"https:\/\/christophervonmammen.de\/index.php?rest_route=\/wp\/v2\/pages"}],"about":[{"href":"https:\/\/christophervonmammen.de\/index.php?rest_route=\/wp\/v2\/types\/page"}],"author":[{"embeddable":true,"href":"https:\/\/christophervonmammen.de\/index.php?rest_route=\/wp\/v2\/users\/1"}],"replies":[{"embeddable":true,"href":"https:\/\/christophervonmammen.de\/index.php?rest_route=%2Fwp%2Fv2%2Fcomments&post=4202"}],"version-history":[{"count":39,"href":"https:\/\/christophervonmammen.de\/index.php?rest_route=\/wp\/v2\/pages\/4202\/revisions"}],"predecessor-version":[{"id":6492,"href":"https:\/\/christophervonmammen.de\/index.php?rest_route=\/wp\/v2\/pages\/4202\/revisions\/6492"}],"wp:featuredmedia":[{"embeddable":true,"href":"https:\/\/christophervonmammen.de\/index.php?rest_route=\/wp\/v2\/media\/4363"}],"wp:attachment":[{"href":"https:\/\/christophervonmammen.de\/index.php?rest_route=%2Fwp%2Fv2%2Fmedia&parent=4202"}],"curies":[{"name":"wp","href":"https:\/\/api.w.org\/{rel}","templated":true}]}}