{"id":4211,"date":"2015-09-01T02:06:20","date_gmt":"2015-09-01T02:06:20","guid":{"rendered":"http:\/\/christophervonmammen.de\/?page_id=4211"},"modified":"2025-05-27T06:22:46","modified_gmt":"2025-05-27T06:22:46","slug":"bio","status":"publish","type":"page","link":"https:\/\/christophervonmammen.de\/?page_id=4211","title":{"rendered":"Biografie"},"content":{"rendered":"<p>September 2023 &#8211; Juli 2024 Kulturbeauftragter des Landkreises Hof | Seit September 2021 Leitung der Musikschule des Landkreises Hof | Seit 2015 t\u00e4tig als Multi-Instrumentalist am Theater Hof | Seit 2012 freischaffender Musiker, Musikp\u00e4dagoge und Instrumentenmacher in Hof, Bayern | 2010 \u2013 2011 Auslandsstudium an der City University of New York, Queens College (Aaron Copland School of Music) | 2008 \u2013 2010 Pr\u00fcfungsausschuss bei staatlichen Abschlusspr\u00fcfungen an den Berufsfachschulen f\u00fcr Musik in N\u00fcrnberg | 2004 \u2013 2010 Lehrt\u00e4tigkeit an der Berufsfachschule f\u00fcr Musik N\u00fcrnberg als Instrumentalp\u00e4dagoge (u.a. Klassenleitung und Leitung der Jazzausbildung, Pr\u00fcfungskommission f\u00fcr Berufsfachschulen in Bayern) | 2005 \u2013 2007 Studium der Meisterklasse Jazz (HfM N\u00fcrnberg), Diplom Meisterklasse \u00a0| 2004 \u2013 2005 K\u00fcnstlerisches Aufbaustudium (HfM N\u00fcrnberg), k\u00fcnstlerisches Diplom mit Auszeichnung | 2000 \u2013 2004 Musikp\u00e4dagogik-Studium im Fach Jazzsaxophon an der Hochschule f\u00fcr Musik N\u00fcrnberg bei Hubert Winter, Steffen Schorn und Klaus Graf, P\u00e4dagogikdiplom | 1998 \u2013 2000 Realschullehramts-Studium Musik\/ Englisch an der Friedrich- Alexander Universit\u00e4t Erlangen- N\u00fcrnberg | 1997 \u2013 1998 Studium an der Jazz-School M\u00fcnchen | 1996 \u2013 1997 Zivildienst an der Regens-Wagner-Stiftung (Betreuung Geh\u00f6rloser und mehrfach Behinderter).<\/p>\n<p>Theaterproduktionen: Rocky Horror Show, Frankenstein Junior, Maske in Blau, Restauration, Mein Kampf, Der Kleine Horrorladen, Sweet Charity, H\u00f6llisch moderne Millie, Viktoria und ihr Husar, Dreigroschen-Oper, Kiss me Kate, Spamalot, \u00a0On the Wild Side, Paris mon Amour, Little Trip To Heaven) am Theater Hof u.a. in Zusammenarbeit mit den\u00a0<a href=\"http:\/\/www.hofer-symphoniker.de\/\" target=\"_blank\" rel=\"noopener noreferrer\">Hofer Symphonikern; <\/a>Gr\u00fcndung der Jazz-Jam-Session im Kunstkaufhaus in Hof im Oktober 2015 zusammen mit Harry Tr\u00f6ger;\u00a0Auftritte beim Benefizkonzert \u201eHilfe f\u00fcr Nachbarn\u201c mit\u00a0<a href=\"http:\/\/www.past-perfect.de\/index.php\" target=\"_blank\" rel=\"noopener noreferrer\">Past Perfect<\/a>.\u00a0Auftritte\u00a0in ganz Deutschland u.a. mit\u00a0Jazzcoast (Newcomer-Festival \u201eJazz an der Donau\u201c),\u00a0\u201eEin halber Hund\u201c, Daniel K\u00fcblb\u00f6ck- Band, H.-G.Brodmann, \u00a0Steffen Schorn\u2019s Saxophonensemble der HfM, Yellow-Jackets-Project, On Cue Big Band (feat. Ack van Rooyen), Groove Legend Orchestra, algorYthm, SashBrandSessionGroup, B.B.King Project, mammen 5., etc,\u00a02007 1.Preis des Rotary-Stipendiums 2007 der Hochschule f\u00fcr Musik N\u00fcrnberg f\u00fcr Jazzkomposition und Arrangement mit der Band \u201eEin halber Hund\u201c; Kulturpreistr\u00e4ger der Stadt N\u00fcrnberg mit dem Metropol-Orchester;<\/p>\n<p>Studium bei\u00a0<a href=\"http:\/\/www.hubertwinter.de\" target=\"_blank\" rel=\"noopener noreferrer\">Hubert Winter<\/a>,\u00a0<a href=\"http:\/\/www.steffenschorn.de\" target=\"_blank\" rel=\"noopener noreferrer\">Steffen Schorn<\/a>,\u00a0<a href=\"http:\/\/www.antoniohart.com\/home\" target=\"_blank\" rel=\"noopener noreferrer\">Antonio Hart<\/a>,\u00a0<a href=\"http:\/\/www.chrischeek.net\" target=\"_blank\" rel=\"noopener noreferrer\">Chris Cheek<\/a>,\u00a0<a href=\"http:\/\/richperrymusic.com\" target=\"_blank\" rel=\"noopener noreferrer\">Rich Perry<\/a>, Rick Keller,\u00a0<a href=\"http:\/\/www.donnymccaslin.com\" target=\"_blank\" rel=\"noopener noreferrer\">Donny McCaslin<\/a>, Michael P. Mossman, Bernhard Pichl,\u00a0<a href=\"http:\/\/davidberkman.com\" target=\"_blank\" rel=\"noopener noreferrer\">David Berkman<\/a>, Thomas Reimer,\u00a0<a href=\"http:\/\/www.panama-ensemble.de\/index.php\/ueber-uns\/franz-david-baumann.html\" target=\"_blank\" rel=\"noopener noreferrer\">Franz-David Baumann<\/a>,\u00a0<a href=\"http:\/\/www.uta-walther.de\/\" target=\"_blank\" rel=\"noopener noreferrer\">Uta Walther<\/a>, Oliver P\u00f6rner,\u00a0<a href=\"http:\/\/www.davidbertrandmusic.com\/\" target=\"_blank\" rel=\"noopener noreferrer\">David Bertrand<\/a>.<\/p>\n<p>Workshops von und mit: Ernie Watts, Rick Margitza, Bob Mintzer, Valerie Ponomarev und Don Braden, David Liebman, Ack van Rooyen, Ro Gebhard, Uwe Kropinski und David Friesen, Leszek Zadlo, Rob McConnell, Steffen Schorn, Joris Roelofs, Ethan Iverson, Maria Schneider, Gary Burton, Claudio Puntin, Dick Oatts, Loren Stillman, Adam Rafferty, Brad Leali, Jim Snidero.<\/p>\n","protected":false},"excerpt":{"rendered":"<p>September 2023 &#8211; Juli 2024 Kulturbeauftragter des Landkreises Hof | Seit September 2021 Leitung der Musikschule des Landkreises Hof | Seit 2015 t\u00e4tig als Multi-Instrumentalist am Theater Hof | Seit 2012 freischaffender Musiker, Musikp\u00e4dagoge und Instrumentenmacher in Hof, Bayern | 2010 \u2013 2011 Auslandsstudium an der City University of New York, Queens College (Aaron Copland School of Music) | 2008 \u2013 2010 Pr\u00fcfungsausschuss bei staatlichen Abschlusspr\u00fcfungen an den Berufsfachschulen f\u00fcr Musik in N\u00fcrnberg | 2004 \u2013 2010 Lehrt\u00e4tigkeit an der Berufsfachschule f\u00fcr Musik N\u00fcrnberg als Instrumentalp\u00e4dagoge (u.a. Klassenleitung und Leitung der Jazzausbildung, Pr\u00fcfungskommission f\u00fcr Berufsfachschulen in Bayern) | 2005 \u2013 2007 Studium der Meisterklasse Jazz (HfM N\u00fcrnberg), Diplom Meisterklasse \u00a0| &hellip; <\/p>\n<p class=\"link-more\"><a href=\"https:\/\/christophervonmammen.de\/?page_id=4211\" class=\"more-link\">Mehr <span class=\"screen-reader-text\">\u00fcber &#8222;Biografie&#8220; <\/span>Lesen<\/a><\/p>\n","protected":false},"author":1,"featured_media":4356,"parent":0,"menu_order":0,"comment_status":"closed","ping_status":"closed","template":"","meta":{"footnotes":""},"class_list":["post-4211","page","type-page","status-publish","has-post-thumbnail","hentry"],"_links":{"self":[{"href":"https:\/\/christophervonmammen.de\/index.php?rest_route=\/wp\/v2\/pages\/4211","targetHints":{"allow":["GET"]}}],"collection":[{"href":"https:\/\/christophervonmammen.de\/index.php?rest_route=\/wp\/v2\/pages"}],"about":[{"href":"https:\/\/christophervonmammen.de\/index.php?rest_route=\/wp\/v2\/types\/page"}],"author":[{"embeddable":true,"href":"https:\/\/christophervonmammen.de\/index.php?rest_route=\/wp\/v2\/users\/1"}],"replies":[{"embeddable":true,"href":"https:\/\/christophervonmammen.de\/index.php?rest_route=%2Fwp%2Fv2%2Fcomments&post=4211"}],"version-history":[{"count":97,"href":"https:\/\/christophervonmammen.de\/index.php?rest_route=\/wp\/v2\/pages\/4211\/revisions"}],"predecessor-version":[{"id":6550,"href":"https:\/\/christophervonmammen.de\/index.php?rest_route=\/wp\/v2\/pages\/4211\/revisions\/6550"}],"wp:featuredmedia":[{"embeddable":true,"href":"https:\/\/christophervonmammen.de\/index.php?rest_route=\/wp\/v2\/media\/4356"}],"wp:attachment":[{"href":"https:\/\/christophervonmammen.de\/index.php?rest_route=%2Fwp%2Fv2%2Fmedia&parent=4211"}],"curies":[{"name":"wp","href":"https:\/\/api.w.org\/{rel}","templated":true}]}}