{"id":4279,"date":"2015-09-01T03:23:54","date_gmt":"2015-09-01T03:23:54","guid":{"rendered":"http:\/\/christophervonmammen.de\/?page_id=4279"},"modified":"2025-12-14T11:16:03","modified_gmt":"2025-12-14T11:16:03","slug":"on-stage","status":"publish","type":"page","link":"https:\/\/christophervonmammen.de\/?page_id=4279","title":{"rendered":"On stage"},"content":{"rendered":"<hr \/>\r\n<p><strong>Jazz-Jam-Session<\/strong> @ OMLAAX in M\u00fcnchberg am Donnerstag, 22.01.2026 mit der KKH-Session-Group (Bernd Schricker, CvM, Thomas Motschmann, Manfred Auer und Harry Tr\u00f6ger.\u00a0\u00a0Nach dem Opener-Set offene B\u00fchne f\u00fcr alle! 20.00 &#8211; 22.00 Uhr!<\/p>\r\n<hr \/>\r\n<p><a href=\"https:\/\/christophervonmammen.de\/wp-content\/uploads\/2025\/12\/fellow-rovers.jpg\"><img loading=\"lazy\" decoding=\"async\" class=\"alignnone size-medium wp-image-6619\" src=\"https:\/\/christophervonmammen.de\/wp-content\/uploads\/2025\/12\/fellow-rovers-300x210.jpg\" alt=\"\" width=\"300\" height=\"210\" srcset=\"https:\/\/christophervonmammen.de\/wp-content\/uploads\/2025\/12\/fellow-rovers-300x210.jpg 300w, https:\/\/christophervonmammen.de\/wp-content\/uploads\/2025\/12\/fellow-rovers.jpg 896w\" sizes=\"auto, (max-width: 300px) 100vw, 300px\" \/><\/a><\/p>\r\n<p>Beat-Brass mit den Fellow Rovers, Samstag 17. Januar 2026, Rosenthal-Theater Selb, 19.30 Uhr<\/p>\r\n<p><span class=\"xr_tl xr_s22\"><span class=\"xr_s21\">Kartenvorverkauf bei: <\/span><a class=\"xr_atsh\" href=\"http:\/\/www.theater-selb.de\/beat-brass-mit-den-fellow-rovers\/\"><span class=\"xr_s23\">www.theater-selb.de\/beat-brass-mit-den-fellow-rovers\/<\/span><\/a> <span class=\"xr_s21\">oder<\/span><\/span><span class=\"xr_tl xr_s22\"><a class=\"xr_atsh\" href=\"http:\/\/www.okticket.de\/index.php?pmp_id=41107&amp;event_id=53495\" target=\"_self\"><span class=\"xr_s23\">www.okticket.de<\/span><\/a><span class=\"xr_s21\"> und in den regionalen okticket-Gesch\u00e4ftsstellen<\/span><\/span><\/p>\r\n<hr \/>\r\n<div data-subtree=\"aimfl,mfl\" data-processed=\"true\"><strong>Verleihung des Kunstpreises<\/strong> des Landkreises Hof 2025 mit Manfred Auer (b), Thomas Motschmann (g) und Harry Tr\u00f6ger (dr), 15.11.2025, Oberf\u00e4nkisches Bauernhofmuseum Kleinlosnitz, 10.30 Uhr\u00a0<\/div>\r\n<hr \/>\r\n<p><a href=\"https:\/\/christophervonmammen.de\/wp-content\/uploads\/2025\/10\/Mammen_Jung_TKVLS25-scaled.jpg\"><img loading=\"lazy\" decoding=\"async\" class=\"alignnone size-medium wp-image-6552\" src=\"https:\/\/christophervonmammen.de\/wp-content\/uploads\/2025\/10\/Mammen_Jung_TKVLS25-240x300.jpg\" alt=\"\" width=\"240\" height=\"300\" srcset=\"https:\/\/christophervonmammen.de\/wp-content\/uploads\/2025\/10\/Mammen_Jung_TKVLS25-240x300.jpg 240w, https:\/\/christophervonmammen.de\/wp-content\/uploads\/2025\/10\/Mammen_Jung_TKVLS25-819x1024.jpg 819w, https:\/\/christophervonmammen.de\/wp-content\/uploads\/2025\/10\/Mammen_Jung_TKVLS25-2000x2500.jpg 2000w, https:\/\/christophervonmammen.de\/wp-content\/uploads\/2025\/10\/Mammen_Jung_TKVLS25-scaled.jpg 2048w\" sizes=\"auto, (max-width: 240px) 100vw, 240px\" \/><\/a><\/p>\r\n<p><strong>Singer-Songwriter-Konzert mit Christopher von Mammen und Markus Jung<\/strong><\/p>\r\n<p>Als Band wirken Harald Oeler (Keys), Ralf Wunschelmeier (Bass) und Harry Tr\u00f6ger (Drums) mit! Im KKH \/ KunstKaufHaus Hof (K\u00f6nigsstra\u00dfe 25, 95028 Hof) k\u00f6nnen Sie am Mittwoch, dem 29. Oktober 2025 um 20:00 Uhr eine ganz andere Seite des Saxophonisten und des Cellisten kennenlernen. Der Eintritt betr\u00e4gt 15,-Euro. Herzliche Einladung!<\/p>\r\n<p>Eine Veranstaltung der Reihe \u201eTonk\u00fcnstler Live Special\u201c des Tonk\u00fcnstlerverbandes Bayern e.V., die vom Tonk\u00fcnstlerverband Hochfranken e.V. unterst\u00fctzt wird.\u00a0Diese Veranstaltung wurde erm\u00f6glicht durch den Tonk\u00fcnstlerverband Bayern e.V. aus dem F\u00f6rderpaket FREIE KUNST des Bayerischen Staatsministeriums f\u00fcr Wissenschaft und Kunst.<\/p>\r\n<p><a href=\"https:\/\/christophervonmammen.de\/wp-content\/uploads\/2025\/11\/22Songs-from-within22.1.jpeg\"><img loading=\"lazy\" decoding=\"async\" class=\"alignnone wp-image-6596 size-large\" src=\"https:\/\/christophervonmammen.de\/wp-content\/uploads\/2025\/11\/22Songs-from-within22.1-724x1024.jpeg\" alt=\"\" width=\"724\" height=\"1024\" srcset=\"https:\/\/christophervonmammen.de\/wp-content\/uploads\/2025\/11\/22Songs-from-within22.1-724x1024.jpeg 724w, https:\/\/christophervonmammen.de\/wp-content\/uploads\/2025\/11\/22Songs-from-within22.1-212x300.jpeg 212w, https:\/\/christophervonmammen.de\/wp-content\/uploads\/2025\/11\/22Songs-from-within22.1.jpeg 1190w\" sizes=\"auto, (max-width: 724px) 100vw, 724px\" \/><\/a><\/p>\r\n<hr \/>\r\n<p><strong>Jazz-Jam-Session<\/strong> @ KunstKaufHaus Hof am 07.10.2025 mit der KKH-Session-Group (Bernd Schricker, CvM, Thomas Motschmann, Manfred Auer und Mauro Cicarelli).\u00a0\u00a0Nach dem Opener-Set offene B\u00fchne f\u00fcr alle! 20.00 &#8211; 22.00 Uhr!<\/p>\r\n<hr \/>\r\n<div data-subtree=\"aimfl,mfl\" data-processed=\"true\"><strong>Einweihung<\/strong> des Neubaus des Deutsch-Deutschen Museums M\u00f6dlareuth mit Thomas Motschmann (git), 02.10.2025, 11 &#8211; 12 Uhr<\/div>\r\n<hr \/>\r\n<p><strong>The Fellow Rovers<\/strong> &#8211; \u00a0\u201eThe beat goes on\u2026\u201c \u2013 ein Nostalgie-Abend in der BG Hof, 01.06.2025, ab 18 Uhr\u00a0<\/p>\r\n<hr \/>\r\n<p><strong>Jazz-Jam-Session<\/strong> @ KunstKaufHaus Hof am 03.06.2025 mit der KKH-Session-Group (Bernd Schricker, CvM, Thomas Motschmann, Manfred Auer und Harry Tr\u00f6ger).\u00a0\u00a0Nach dem Opener-Set offene B\u00fchne f\u00fcr alle! 20.00 &#8211; 22.00 Uhr!<\/p>\r\n<hr \/>\r\n<p><strong>Jazz-Jam-Session<\/strong> @ KunstKaufHaus Hof am 01.04.2025 mit der KKH-Session-Group (Bernd Schricker, CvM, Thomas Motschmann, Manfred Auer und Harry Tr\u00f6ger).\u00a0\u00a0Nach dem Opener-Set offene B\u00fchne f\u00fcr alle! 20.00 &#8211; 22.00 Uhr!<\/p>\r\n<hr \/>\r\n<p><strong>Jazz-Jam-Session<\/strong> @ KunstKaufHaus Hof am 07.01.2025 mit der KKH-Session-Group (Bernd Schricker, CvM, Thomas Motschmann, Manfred Auer und Harry Tr\u00f6ger).\u00a0\u00a0Nach dem Opener-Set offene B\u00fchne f\u00fcr alle! 20.00 &#8211; 22.00 Uhr!<\/p>\r\n<hr \/>\r\n<div><a href=\"https:\/\/christophervonmammen.de\/wp-content\/uploads\/2024\/12\/Bildschirmfoto-2024-12-22-um-19.03.34.png\"><img loading=\"lazy\" decoding=\"async\" class=\"alignnone size-medium wp-image-6529\" src=\"https:\/\/christophervonmammen.de\/wp-content\/uploads\/2024\/12\/Bildschirmfoto-2024-12-22-um-19.03.34-300x112.png\" alt=\"\" width=\"300\" height=\"112\" srcset=\"https:\/\/christophervonmammen.de\/wp-content\/uploads\/2024\/12\/Bildschirmfoto-2024-12-22-um-19.03.34-300x112.png 300w, https:\/\/christophervonmammen.de\/wp-content\/uploads\/2024\/12\/Bildschirmfoto-2024-12-22-um-19.03.34-1024x381.png 1024w, https:\/\/christophervonmammen.de\/wp-content\/uploads\/2024\/12\/Bildschirmfoto-2024-12-22-um-19.03.34-2000x745.png 2000w\" sizes=\"auto, (max-width: 300px) 100vw, 300px\" \/><\/a><\/div>\r\n<div><span class=\"font-size-22 lh-1\"><span class=\"lh-1 font-size-30\"><strong>Das Waldschrat-Weihnachtskonzert<\/strong> &#8211;\u00a0\u00a0 26.12. und 27.12.2024<\/span> &#8211; Freiheitshalle Hof, jeweils 19.30 Uhr &#8211; ausverkauft!<br \/><\/span><\/div>\r\n<div><span class=\"font-size-22 lh-1\">Ein weihnachtlicher Reigen bekannter Schr\u00e4te-Songs &#8211; aber auf jeden Fall mit mehr Lametta!<\/span><\/div>\r\n<hr \/>\r\n<p>KKH-Session Group (Bernd Schricker, CvM, Thomas Motschmann, Manfred Auer und Harry Tr\u00f6ger) @ <strong>Oberfr\u00e4nkisches<\/strong> <strong>Textilmuseum Helmbrechts, Caf\u00e9 <\/strong>, 06.10.2024, 14 &#8211; 16 Uhr, Einlass ab 13 Uhr\u00a0<\/p>\r\n<hr \/>\r\n<p><strong>Jazz-Jam-Session<\/strong> @ KunstKaufHaus Hof am 01.10.2024 mit der KKH-Session-Group (Bernd Schricker, CvM, Thomas Motschmann, Manfred Auer und Harry Tr\u00f6ger).\u00a0\u00a0Nach dem Opener-Set offene B\u00fchne f\u00fcr alle! 20.00 &#8211; 22.00 Uhr!<\/p>\r\n<hr \/>\r\n<p>Ein Theaterabend mit der\u00a0Musik von Tom Waits:\u00a0<strong>&#8222;Little Trip To Heaven&#8220;<\/strong> @ Theater Hof, Zusatzvorstellung 09.07.2024, 19.30 Uhr, Gro\u00dfes Haus<\/p>\r\n<hr \/>\r\n<p>Musikalischer Abend in Paris in <strong>&#8222;Paris, Mon Amour&#8220;<\/strong> @ Theater Hof, Zusatzvorstellung 22.06.2024, 19.30 Uhr, Gro\u00dfes Haus, ausverkauft<\/p>\r\n<hr \/>\r\n<p>Musikalischer Abend in Paris in <strong>&#8222;Paris, Mon Amour&#8220;<\/strong> @ Theater Hof, Zusatzvorstellung 28.06.2024, 19.30 Uhr, Gro\u00dfes Haus, ausverkauft<\/p>\r\n<hr \/>\r\n<p><strong>projects 4 Cellos und G\u00e4ste \u00a0<\/strong>&#8211; Lichtenberg, Kammermusiksaal der Internationalen Begegnungsst\u00e4tte Haus Marteau<br \/>Eine Veranstaltung des Tonk\u00fcnstlerverbands Hochfranken e.V. , erm\u00f6glicht durch den Tonk\u00fcnstlerverband Bayern aus Mitteln des Bayerischen Staatsministerium f\u00fcr Wissenschaft und Kunst im Rahmen des Projekts Tonk\u00fcnstler Live Spezial! Sonntag, 16. Juni 2024, 17:00 Uhr<\/p>\r\n<hr \/>\r\n<p><strong>Jazz-Jam-Session<\/strong> @ KunstKaufHaus Hof am 03.06.2024 mit der KKH-Session-Group (Bernd Schricker, CvM, Harald Oeler, Thomas Motschmann, Manfred Auer und Harry Tr\u00f6ger).\u00a0\u00a0Nach dem Opener-Set offene B\u00fchne f\u00fcr alle! 20.00 &#8211; 22.00 Uhr!<\/p>\r\n<hr \/>\r\n<p><strong>Jazz-Jam-Session<\/strong> @ KunstKaufHaus Hof am 06.02.2024 mit der KKH-Session-Group (Bernd Schricker, CvM, Harald Oeler, Thomas Motschmann, Manfred Auer und Harry Tr\u00f6ger).\u00a0\u00a0Nach dem Opener-Set offene B\u00fchne f\u00fcr alle! 20.00 &#8211; 22.00 Uhr!<\/p>\r\n<hr \/>\r\n<p><a href=\"https:\/\/christophervonmammen.de\/wp-content\/uploads\/2023\/10\/FlyerMaker_18.-Oktober-2023-um-234738-scaled.jpg\"><img loading=\"lazy\" decoding=\"async\" class=\"alignnone size-medium wp-image-6440\" src=\"https:\/\/christophervonmammen.de\/wp-content\/uploads\/2023\/10\/FlyerMaker_18.-Oktober-2023-um-234738-212x300.jpg\" alt=\"\" width=\"212\" height=\"300\" srcset=\"https:\/\/christophervonmammen.de\/wp-content\/uploads\/2023\/10\/FlyerMaker_18.-Oktober-2023-um-234738-212x300.jpg 212w, https:\/\/christophervonmammen.de\/wp-content\/uploads\/2023\/10\/FlyerMaker_18.-Oktober-2023-um-234738-724x1024.jpg 724w, https:\/\/christophervonmammen.de\/wp-content\/uploads\/2023\/10\/FlyerMaker_18.-Oktober-2023-um-234738-768x1086.jpg 768w, https:\/\/christophervonmammen.de\/wp-content\/uploads\/2023\/10\/FlyerMaker_18.-Oktober-2023-um-234738-1086x1536.jpg 1086w, https:\/\/christophervonmammen.de\/wp-content\/uploads\/2023\/10\/FlyerMaker_18.-Oktober-2023-um-234738-1448x2048.jpg 1448w, https:\/\/christophervonmammen.de\/wp-content\/uploads\/2023\/10\/FlyerMaker_18.-Oktober-2023-um-234738-2000x2828.jpg 2000w, https:\/\/christophervonmammen.de\/wp-content\/uploads\/2023\/10\/FlyerMaker_18.-Oktober-2023-um-234738-scaled.jpg 1810w\" sizes=\"auto, (max-width: 212px) 100vw, 212px\" \/><\/a><\/p>\r\n\r\n<p><strong>&#8222;NEU|START|JAZZ&#8220;<\/strong>\u00a0&#8211; Konzert in der Glashalle der VHS Hofer Land in Kooperation mit dem dem Tonk\u00fcnstlerverband Bayern \u00a0feat. Markus Jung (Cello, Hof), Harald Oeler (Akkordeon, Hof), Samuel Jersak (Piano, Schweiz), Peter Nitsch (Bass, Berlin) und Julian Fau (Drums, N\u00fcrnberg), 20.00 Uhr, Eintritt frei!<\/p>\r\n<p>+++ Diese Veranstaltung wird erm\u00f6glicht durch den Tonk\u00fcnstlerverband Bayern aus Mitteln des Bayerischen Staatsministeriums f\u00fcr Wissenschaft und Kunst im Rahmen des Projekts TONK\u00dcNSTLER LIVE SPECIAL +++<\/p>\r\n<hr \/>\r\n<p><strong>Jazz-Jam-Session<\/strong> @ KunstKaufHaus Hof am 07.11.2023 mit der KKH-Session-Group (Bernd Schricker, CvM, Harald Oeler, Thomas Motschmann, Manfred Auer und Harry Tr\u00f6ger).\u00a0\u00a0Nach dem Opener-Set offene B\u00fchne f\u00fcr alle! 20.00 &#8211; 22.00 Uhr!<\/p>\r\n<hr \/>\r\n<p><strong>Projects 4 Cellos &#8211; die vier\u00a0Evangelisten<\/strong> und G\u00e4ste, Release-Konzert der neuen CD zum 15j\u00e4hrigen B\u00fchnenjubil\u00e4um des Ensembles @ Rosenthal-Theater Selb,\u00a0Samstag, 30. September 2023, 19:30 Uhr<\/p>\r\n<hr \/>\r\n<p><strong>Hallersteiner Nachtkonzerte<\/strong> &#8211; 3.Konzert am 23.09.2023 in der Dorfkirche Hallerstein: Kammermusikalischer Jazz mit Harald Oeler (Akkordeon) und Peter Nitsch (Kontrabass), 21.00 &#8211; 22.00 Uhr<\/p>\r\n<hr \/>\r\n<p><strong>Jazz-Jam-Session<\/strong> @ KunstKaufHaus Hof am 18.07.2023 mit der KKH-Session-Group (Bernd Schricker, CvM, Harald Oeler, Thomas Motschmann, Manfred Auer und Harry Tr\u00f6ger).\u00a0\u00a0Nach dem Opener-Set offene B\u00fchne f\u00fcr alle! 20.00 &#8211; 22.00 Uhr!<\/p>\r\n<hr \/>\r\n<p><strong>Marktandacht St.Michaeliskirche Hof<\/strong>, am 1.Juli 2023, mit\u00a0KMD Georg Stanek, Orgel, 10.45 Uhr<\/p>\r\n<hr \/>\r\n<p><strong>HofJazzNights<\/strong> &#8211; Er\u00f6ffnungskonzert am 26.Mai 2023 in der Kulturkantine\/ Theater Hof um 20.00 Uhr<\/p>\r\n<hr \/>\r\n<p><strong>Deutsch-Tschechischer Jazzfr\u00fchling<\/strong> am Theresienstein am 21. Mai 2023 mit der KKH Session Group (KunstKaufHaus Session Group:Bernd Schricker, CvM, Harald Oeler, Thomas Motschmann, Manfred Auer und Harry Tr\u00f6ger; Gast am Schlagzeug Mauro Ciccarelli)<\/p>\r\n<hr \/>\r\n<p><strong>Jazz-Jam-Session<\/strong> @ KunstKaufHaus Hof am 02.05.2023 mit der KKH-Session-Group (Bernd Schricker, CvM, Harald Oeler, Thomas Motschmann, Manfred Auer und Harry Tr\u00f6ger).\u00a0\u00a0Nach dem Opener-Set offene B\u00fchne f\u00fcr alle! 20.00 &#8211; 22.00 Uhr!<\/p>\r\n<hr \/>\r\n<p><strong>Jazz-Jam-Session<\/strong> @ KunstKaufHaus Hof am 04.04.2023 mit der KKH-Session-Group (Bernd Schricker, CvM, Harald Oeler, Thomas Motschmann, Manfred Auer und Harry Tr\u00f6ger).\u00a0\u00a0Nach dem Opener-Set offene B\u00fchne f\u00fcr alle! 20.00 &#8211; 22.00 Uhr!<\/p>\r\n<hr \/>\r\n<p><strong>Jazz-Jam-Session<\/strong> @ KunstKaufHaus Hof am 07.03.2023 mit der KKH-Session-Group (Bernd Schricker, CvM, Harald Oeler, Thomas Motschmann, Manfred Auer und Harry Tr\u00f6ger).\u00a0\u00a0Nach dem Opener-Set offene B\u00fchne f\u00fcr alle! 20.00 &#8211; 22.00 Uhr!<\/p>\r\n<hr \/>\r\n<p><strong>Jazz-Jam-Session<\/strong> @ KunstKaufHaus Hof am 10.01.2023 mit der KKH-Session-Group (Bernd Schricker, CvM, Harald Oeler, Thomas Motschmann, Manfred Auer und Harry Tr\u00f6ger).\u00a0\u00a0Nach dem Opener-Set offene B\u00fchne f\u00fcr alle! 20.00 &#8211; 22.00 Uhr, freier Eintritt!<\/p>\r\n<hr \/>\r\n<p>Ein Theaterabend mit der\u00a0Musik von Tom Waits:\u00a0<strong>&#8222;Little Trip To Heaven&#8220;<\/strong> @ Theater Hof, Premiere am 30.Dezember 2022, Termine und Spielorte siehe HP Theater Hof<\/p>\r\n<hr \/>\r\n<p>Musikalischer Abend in Paris in <strong>&#8222;Paris, Mon Amour&#8220;<\/strong> @ Theater Hof, Premiere am 18.Dezember 2022, Termine und Spielorte siehe HP Theater Hof<\/p>\r\n<hr \/>\r\n<p><strong>Jazz-Jam-Session<\/strong> @ KunstKaufHaus Hof am 06.12.2022 mit der KKH-Session-Group (Bernd Schricker, CvM, Harald Oeler, Thomas Motschmann, Manfred Auer und Harry Tr\u00f6ger).\u00a0\u00a0Nach dem Opener-Set offene B\u00fchne f\u00fcr alle! 20.00 &#8211; 22.00 Uhr, freier Eintritt!<\/p>\r\n<hr \/>\r\n<p><strong>&#8222;Walk On The Wild Side&#8220;<\/strong> @ Theater Hof, Premiere am 30.Dezember 2021, Termine und Spielorte siehe HP Theater Hof<\/p>\r\n<hr \/>\r\n<p>Musical <strong>&#8222;Spamalot&#8220;<\/strong> @ Theater Hof, Premiere am 25.Oktoberl 2019, Termine und Spielorte siehe HP Theater Hof<\/p>\r\n<hr \/>\r\n<p>Musical <strong>&#8222;Kiss me, Kate&#8220;<\/strong> @ Theater Hof, Premiere am 27.April 2019, Termine und Spielorte siehe HP Theater Hof<\/p>\r\n<hr \/>\r\n<p>Musiktheater <strong>&#8222;Die Dreigroschenoper&#8220;<\/strong> @ Theater Hof, Premiere am 30.M\u00e4rz 2019, Termine und Spielorte siehe HP Theater Hof<\/p>\r\n<hr \/>\r\n<p>Operette <strong>&#8222;Viktoria und ihr Husar&#8220;<\/strong> @ Theater Hof, Premiere am 15.Dezember 2018, Termine und Spielorte siehe HP Theater Hof<\/p>\r\n<hr \/>\r\n<p><strong>Jazz-Jam-Session<\/strong> @ KunstKaufHaus Hof am 04.12.18 mit der KKH-Session-Group (Bernd Schricker, CvM, Harald Oeler, Thomas Motschmann, Manfred Auer und Harry Tr\u00f6ger).\u00a0\u00a0Nach dem Opener-Set offene B\u00fchne f\u00fcr alle! 20.00 &#8211; 22.00 Uhr, freier Eintritt!<\/p>\r\n<hr \/>\r\n<p>Musical <strong>&#8222;H\u00f6llisch Moderne Millie&#8220;<\/strong> @ Theater Hof, Premiere am 26.Oktober 2018, Termine und Spielorte siehe HP Theater Hof<\/p>\r\n<hr \/>\r\n<p><strong>Jazz-Jam-Session<\/strong> @ KunstKaufHaus Hof am 08.05.18 mit der KKH-Session-Group (Bernd Schricker, CvM, Thomas Motschmann, Manfred Auer und Harry Tr\u00f6ger).\u00a0\u00a0Nach dem Opener-Set offene B\u00fchne f\u00fcr alle! 20.00 &#8211; 22.00 Uhr, freier Eintritt!<\/p>\r\n<hr \/>\r\n<p><strong>&#8222;Sweet Charity&#8220;<\/strong> @ Theater Hof, Premiere am 28.April 2018, Termine und Spielorte siehe HP Theater Hof<\/p>\r\n<hr \/>\r\n<p>Abschlusskonzert der Hofer Cello-Tage, <strong>&#8222;Die vier EvangCellisten &amp; Friends&#8220;<\/strong>, 19.00 Uhr, im Haus der Musik bei freiem Eintritt!<\/p>\r\n<hr \/>\r\n<p><strong>Jazz-Jam-Session<\/strong> @ KunstKaufHaus Hof am 03.04.18 mit der KKH-Session-Group (Bernd Schricker, CvM, Thomas Motschmann, Manfred Auer und Harry Tr\u00f6ger).\u00a0\u00a0Nach dem Opener-Set offene B\u00fchne f\u00fcr alle! 20.00 &#8211; 22.00 Uhr, freier Eintritt!<\/p>\r\n<hr \/>\r\n<p>Musical <strong>&#8222;Der kleine Horrorladen&#8220;<\/strong> @ Theater Hof, Premiere am 17.Februar 2018, Termine und Spielorte siehe HP Theater Hof<\/p>\r\n<hr \/>\r\n<p><strong>Jazz-Jam-Session<\/strong> @ KunstKaufHaus Hof am 13.02.18 mit der KKH-Session-Group (Bernd Schricker, CvM, Thomas Motschmann, Manfred Auer und Harry Tr\u00f6ger).\u00a0\u00a0Nach dem Opener-Set offene B\u00fchne f\u00fcr alle! 20.00 &#8211; 22.00 Uhr, freier Eintritt!<\/p>\r\n<hr \/>\r\n<p><strong>Past Perfect<\/strong>\u00a0@ BG Hof, 14.10.2017, ab 20.00\u00a0Uhr, allj\u00e4hrliches Benefizkonzert &#8222;Rock f\u00fcr einen guten Zweck&#8220;<\/p>\r\n<hr \/>\r\n<p><strong>Jazz-Jam-Session<\/strong> @ KunstKaufHaus Hof am 03.10.17 mit der KKH-Session-Group (Bernd Schricker, CvM, Thomas Motschmann, Manfred Auer und Harry Tr\u00f6ger).\u00a0Danach offene B\u00fchne f\u00fcr alle! 20.00 &#8211; 22.00 Uhr, freier Eintritt!<\/p>\r\n<hr \/>\r\n<p><strong>Musical Gala<\/strong> @ Theater Hof, Gro\u00dfes Haus, 23.09.2017, ab 19.30<\/p>\r\n<hr \/>\r\n<p><strong>Groove Legend Orchestra<\/strong>\u00a0@ S\u00fcdpunkt N\u00fcrnberg, 10.09.2017, ab 20.00\u00a0Uhr &#8211; Best of GLO<\/p>\r\n<hr \/>\r\n<p><strong>Jazz-Jam-Session<\/strong> @ KunstKaufHaus Hof am 04.07.17 mit der KKH-Session-Group (Bernd Schricker, CvM, Thomas Motschmann, Manfred Auer und Harry Tr\u00f6ger). Danach offene B\u00fchne f\u00fcr alle! 20.00 &#8211; 22.00 Uhr, freier Eintritt!<\/p>\r\n<hr \/>\r\n<p><strong>&#8222;Mein Kampf&#8220;<\/strong> @ Theater Hof, Premiere am 23.Juni 2017, Termine und Spielorte siehe HP Theater Hof<\/p>\r\n<hr \/>\r\n<p><strong>On Cue Big Band<\/strong>\u00a0@\u00a0Kultursommer Igensdorf am 06.Mai 2017 ab 19.30 Uhr<\/p>\r\n<hr \/>\r\n<p>Konzert der\u00a0KKH-Session-Group (Bernd Schricker, CvM, Thomas Motschmann, Manfred Auer und Harry Tr\u00f6ger, Harald Oeler) beim <strong>Deutsch-Tschechischen Jazzfr\u00fchling<\/strong> am Theresienstein\u00a0am 25.Juni 2017, Uhrzeit wird noch bekannt gegeben<\/p>\r\n<hr \/>\r\n<p>Konzert der\u00a0<strong>KKH-Session-Group<\/strong> (Bernd Schricker, CvM, Thomas Motschmann, Manfred Auer und Harry Tr\u00f6ger) im B\u00fcrgerzentrum M\u00fcnchberg am 13.Mai 2017 ab 20.00 Uhr<\/p>\r\n<hr \/>\r\n<p><strong>Jazz-Jam-Session<\/strong> @ KunstKaufHaus Hof am 02.05.17 mit der KKH-Session-Group (Bernd Schricker, CvM, Thomas Motschmann, Manfred Auer und Harry Tr\u00f6ger). Danach offene B\u00fchne f\u00fcr alle! 20.00 &#8211; 22.00 Uhr, freier Eintritt!<\/p>\r\n<hr \/>\r\n<p>Musical <strong>&#8222;Restauration&#8220;<\/strong> @ Theater Hof, Premiere am 17.Februar 2017, Termine und Spielorte siehe HP Theater Hof<\/p>\r\n<hr \/>\r\n<p><strong>Jazz-Jam-Session<\/strong> @ KunstKaufHaus Hof am 07.02.17 mit der KKH-Session-Group (Bernd Schricker, CvM, Thomas Motschmann, Manfred Auer und Harry Tr\u00f6ger). Danach offene B\u00fchne f\u00fcr alle! 20.00 &#8211; 22.00 Uhr, freier Eintritt, gute Stimmung, Freigetr\u00e4nke f\u00fcr die Band&#8230;<\/p>\r\n<hr \/>\r\n<p>Operette\u00a0<strong>&#8222;Maske in Blau&#8220;<\/strong> @ Theater Hof, 16.12.16\u00a0 &#8211; 06.04.17, Termine und Spielorte siehe HP Theater Hof<\/p>\r\n<hr \/>\r\n<p><strong>Jazz-Jam-Session<\/strong> @ KunstKaufHaus Hof am 08.11.16\u00a0mit der KKH-Session-Group (Bernd Schricker, CvM, Thomas Motschmann, Manfred Auer und Harry Tr\u00f6ger). Danach offene B\u00fchne f\u00fcr alle! 20.00 &#8211; 22.00 Uhr, freier Eintritt<\/p>\r\n<hr \/>\r\n<p>Umrahmung der Preisverleihung der <strong>50.Hofer Filmtage<\/strong> w\/Hofer Symphonikern @ Freiheitshalle\u00a0Hof, 27.10.16 ab 19.00 Uhr<\/p>\r\n<hr \/>\r\n<p><strong>Jazz-Jam-Session<\/strong> @ KunstKaufHaus Hof am 04.10.16\u00a0mit der KKH-Session-Group (Bernd Schricker, CvM, Manfred Auer und Harry Tr\u00f6ger). Danach offene B\u00fchne f\u00fcr alle! 20.00 &#8211; 22.00 Uhr, freier Eintritt!<\/p>\r\n<hr \/>\r\n<p><strong>Groove Legend Orchestra<\/strong>\u00a0@ S\u00fcdpunkt N\u00fcrnberg, 11.09.2016, ab 20.00\u00a0Uhr &#8211; The\u00a0Complete Atomic Basie<\/p>\r\n<hr \/>\r\n<p><strong>On Cue Big Band<\/strong>\u00a0@ K4 Jazz in the Garden, 11.07.2016, ab 19.30 Uhr &#8211; The Music of\u00a0Bob Mintzer<\/p>\r\n<hr \/>\r\n<p><strong>Groove Legend Orchestra<\/strong>\u00a0@ S\u00fcdpunkt N\u00fcrnberg, 12.06.2016, ab 20.00\u00a0Uhr &#8211; The Music of Silvan Koopmann<\/p>\r\n<hr \/>\r\n<p><strong>Jazz-Jam-Session<\/strong> @ KunstKaufHaus Hof am 07.06.16\u00a0mit der KKH-Session-Group (Bernd Schricker, CvM, Manfred Auer und Harry Tr\u00f6ger). Danach offene B\u00fchne f\u00fcr alle! 20.00 &#8211; 22.00 Uhr, freier Eintritt!<\/p>\r\n<hr \/>\r\n<p><strong>Past Perfect<\/strong>\u00a0@ BG Hof, 09.04.2016, ab 20.00\u00a0Uhr<\/p>\r\n<hr \/>\r\n<p><strong>On Cue Bigband<\/strong>\u00a0@ Junges Theater\u00a0Forchheim, 28.02.2016, ab 19.30 Uhr<\/p>\r\n<hr \/>\r\n<p><strong>Jazz-Jam-Session<\/strong> @ KunstKaufHaus Hof am 02.02.16\u00a0mit der KKH-Session-Group (Bernd Schricker, CvM, Manfred Auer und Harry Tr\u00f6ger). Danach offene B\u00fchne f\u00fcr alle! 20.00 &#8211; 22.00 Uhr, freier Eintritt<\/p>\r\n<hr \/>\r\n<p>Konzert des <strong>Gospelchors Wunsiedel<\/strong> unter der Leitung von Reinhold Schelter;\u00a0Sonntag 18.10.2015 um 17:00 Uhr<strong>,\u00a0<\/strong>St. Veit<\/p>\r\n<hr \/>\r\n<p><strong>On Cue Bigband<\/strong>\u00a0@ Junges Theater\u00a0Forchheim, 04.10.2015, ab 19.30 Uhr<\/p>\r\n<hr \/>\r\n<p>Musical <strong>&#8222;Frankenstein Junior&#8220;<\/strong> @ Theater Hof, 24.10.15 \u00a0&#8211; 05.02.16, Termine und Spielorte siehe HP Theater Hof<\/p>\r\n<hr \/>\r\n<p><strong>&#8222;The Rocky Horror Show&#8220;<\/strong> @ Theater Hof, 14.02.15 \u00a0&#8211; 18.06.15, Termine und Spielorte siehe HP Theater Hof<\/p>\r\n\r\n<p>&nbsp;<\/p>\r\n<hr class=\"wp-block-separator has-alpha-channel-opacity\" \/>\r\n<p>&nbsp;<\/p>\r\n\r\n<p>&nbsp;<\/p>\r\n\r\n<p>&nbsp;<\/p>\r\n\r\n<p>&nbsp;<\/p>\r\n\r\n<p>&nbsp;<\/p>\r\n\r\n<p>&nbsp;<\/p>\r\n\r\n<p>&nbsp;<\/p>\r\n\r\n<p>&nbsp;<\/p>\r\n\r\n<p>&nbsp;<\/p>\r\n\r\n<p>&nbsp;<\/p>\r\n\r\n<p>&nbsp;<\/p>\r\n\r\n<p>&nbsp;<\/p>\r\n\r\n<p>&nbsp;<\/p>\r\n\r\n<p>&nbsp;<\/p>\r\n\r\n<p>&nbsp;<\/p>\r\n\r\n<p>&nbsp;<\/p>\r\n\r\n<p>&nbsp;<\/p>\r\n\r\n<p>&nbsp;<\/p>\r\n\r\n<p>&nbsp;<\/p>\r\n\r\n<p>&nbsp;<\/p>\r\n\r\n<p>&nbsp;<\/p>\r\n\r\n<p>&nbsp;<\/p>\r\n\r\n<p>&nbsp;<\/p>\r\n\r\n<p>&nbsp;<\/p>\r\n\r\n<p>&nbsp;<\/p>\r\n\r\n<p>&nbsp;<\/p>\r\n\r\n<p>&nbsp;<\/p>\r\n\r\n<p>&nbsp;<\/p>\r\n\r\n<p>&nbsp;<\/p>\r\n<hr class=\"wp-block-separator has-alpha-channel-opacity\" \/>","protected":false},"excerpt":{"rendered":"<p>Jazz-Jam-Session @ OMLAAX in M\u00fcnchberg am Donnerstag, 22.01.2026 mit der KKH-Session-Group (Bernd Schricker, CvM, Thomas Motschmann, Manfred Auer und Harry Tr\u00f6ger.\u00a0\u00a0Nach dem Opener-Set offene B\u00fchne f\u00fcr alle! 20.00 &#8211; 22.00 Uhr! Beat-Brass mit den Fellow Rovers, Samstag 17. Januar 2026, Rosenthal-Theater Selb, 19.30 Uhr Kartenvorverkauf bei: www.theater-selb.de\/beat-brass-mit-den-fellow-rovers\/ oderwww.okticket.de und in den regionalen okticket-Gesch\u00e4ftsstellen Verleihung des Kunstpreises des Landkreises Hof 2025 mit Manfred Auer (b), Thomas Motschmann (g) und Harry Tr\u00f6ger (dr), 15.11.2025, Oberf\u00e4nkisches Bauernhofmuseum Kleinlosnitz, 10.30 Uhr\u00a0 Singer-Songwriter-Konzert mit Christopher von Mammen und Markus Jung Als Band wirken Harald Oeler (Keys), Ralf Wunschelmeier (Bass) und Harry Tr\u00f6ger (Drums) mit! Im KKH \/ KunstKaufHaus Hof (K\u00f6nigsstra\u00dfe 25, 95028 Hof) k\u00f6nnen Sie &hellip; <\/p>\n<p class=\"link-more\"><a href=\"https:\/\/christophervonmammen.de\/?page_id=4279\" class=\"more-link\">Mehr <span class=\"screen-reader-text\">\u00fcber &#8222;On stage&#8220; <\/span>Lesen<\/a><\/p>\n","protected":false},"author":1,"featured_media":5165,"parent":0,"menu_order":0,"comment_status":"closed","ping_status":"closed","template":"","meta":{"footnotes":""},"class_list":["post-4279","page","type-page","status-publish","has-post-thumbnail","hentry"],"_links":{"self":[{"href":"https:\/\/christophervonmammen.de\/index.php?rest_route=\/wp\/v2\/pages\/4279","targetHints":{"allow":["GET"]}}],"collection":[{"href":"https:\/\/christophervonmammen.de\/index.php?rest_route=\/wp\/v2\/pages"}],"about":[{"href":"https:\/\/christophervonmammen.de\/index.php?rest_route=\/wp\/v2\/types\/page"}],"author":[{"embeddable":true,"href":"https:\/\/christophervonmammen.de\/index.php?rest_route=\/wp\/v2\/users\/1"}],"replies":[{"embeddable":true,"href":"https:\/\/christophervonmammen.de\/index.php?rest_route=%2Fwp%2Fv2%2Fcomments&post=4279"}],"version-history":[{"count":122,"href":"https:\/\/christophervonmammen.de\/index.php?rest_route=\/wp\/v2\/pages\/4279\/revisions"}],"predecessor-version":[{"id":6621,"href":"https:\/\/christophervonmammen.de\/index.php?rest_route=\/wp\/v2\/pages\/4279\/revisions\/6621"}],"wp:featuredmedia":[{"embeddable":true,"href":"https:\/\/christophervonmammen.de\/index.php?rest_route=\/wp\/v2\/media\/5165"}],"wp:attachment":[{"href":"https:\/\/christophervonmammen.de\/index.php?rest_route=%2Fwp%2Fv2%2Fmedia&parent=4279"}],"curies":[{"name":"wp","href":"https:\/\/api.w.org\/{rel}","templated":true}]}}