{"id":4286,"date":"2015-09-01T03:37:14","date_gmt":"2015-09-01T03:37:14","guid":{"rendered":"http:\/\/christophervonmammen.de\/?page_id=4286"},"modified":"2024-04-23T18:13:20","modified_gmt":"2024-04-23T18:13:20","slug":"instrumente","status":"publish","type":"page","link":"https:\/\/christophervonmammen.de\/?page_id=4286","title":{"rendered":"Instrumente"},"content":{"rendered":"<p align=\"LEFT\">Angeboten und verkauft werden nur qualitativ hochwertige Holzblasinstrumente sowohl f\u00fcr Einsteiger, als auch f\u00fcr professionelle Spieler und Berufsmusiker. Instrumente namhafter Hersteller wie Yanagisawa, Yamaha oder Selmer k\u00f6nnen kurzfristig besorgt und zur Auswahl gestellt werden. Sprechen Sie mich an!<\/p>\n<p align=\"LEFT\">\n<p align=\"LEFT\">\n","protected":false},"excerpt":{"rendered":"<p>Angeboten und verkauft werden nur qualitativ hochwertige Holzblasinstrumente sowohl f\u00fcr Einsteiger, als auch f\u00fcr professionelle Spieler und Berufsmusiker. Instrumente namhafter Hersteller wie Yanagisawa, Yamaha oder Selmer k\u00f6nnen kurzfristig besorgt und zur Auswahl gestellt werden. Sprechen Sie mich an!<\/p>\n","protected":false},"author":1,"featured_media":5766,"parent":0,"menu_order":0,"comment_status":"closed","ping_status":"closed","template":"","meta":{"footnotes":""},"class_list":["post-4286","page","type-page","status-publish","has-post-thumbnail","hentry"],"_links":{"self":[{"href":"https:\/\/christophervonmammen.de\/index.php?rest_route=\/wp\/v2\/pages\/4286","targetHints":{"allow":["GET"]}}],"collection":[{"href":"https:\/\/christophervonmammen.de\/index.php?rest_route=\/wp\/v2\/pages"}],"about":[{"href":"https:\/\/christophervonmammen.de\/index.php?rest_route=\/wp\/v2\/types\/page"}],"author":[{"embeddable":true,"href":"https:\/\/christophervonmammen.de\/index.php?rest_route=\/wp\/v2\/users\/1"}],"replies":[{"embeddable":true,"href":"https:\/\/christophervonmammen.de\/index.php?rest_route=%2Fwp%2Fv2%2Fcomments&post=4286"}],"version-history":[{"count":55,"href":"https:\/\/christophervonmammen.de\/index.php?rest_route=\/wp\/v2\/pages\/4286\/revisions"}],"predecessor-version":[{"id":6494,"href":"https:\/\/christophervonmammen.de\/index.php?rest_route=\/wp\/v2\/pages\/4286\/revisions\/6494"}],"wp:featuredmedia":[{"embeddable":true,"href":"https:\/\/christophervonmammen.de\/index.php?rest_route=\/wp\/v2\/media\/5766"}],"wp:attachment":[{"href":"https:\/\/christophervonmammen.de\/index.php?rest_route=%2Fwp%2Fv2%2Fmedia&parent=4286"}],"curies":[{"name":"wp","href":"https:\/\/api.w.org\/{rel}","templated":true}]}}