{"id":4493,"date":"2015-09-01T21:42:55","date_gmt":"2015-09-01T21:42:55","guid":{"rendered":"http:\/\/christophervonmammen.de\/?page_id=4493"},"modified":"2023-01-31T21:31:52","modified_gmt":"2023-01-31T21:31:52","slug":"reviews","status":"publish","type":"page","link":"https:\/\/christophervonmammen.de\/?page_id=4493","title":{"rendered":"Reviews"},"content":{"rendered":"<div><em>Christopher von Mammens Arbeit ist absolut meisterhaft. Die General\u00fcberholung meines Tenors ist nicht nur aus handwerklicher Sicht als in h\u00f6chstem Ma\u00dfe fachm\u00e4nnisch einzustufen. Mit seinem Sinn f\u00fcr kleinste\u00a0Details hebt sich Christopher von anderen &#8222;Repair Men&#8220; ab. Mein Saxophon spielt sich, nachdem es in seinen begnadeten H\u00e4nden war, au\u00dfergew\u00f6hnlich gut. Man sp\u00fcrt in jedem Moment, was es bedeutet, dass Christopher nicht nur ein fantastischer Handwerker, sondern auch ein exzellenter Musiker ist. Als erfahrener Player wei\u00df er genau, wie sich ein Horn anf\u00fchlen muss. Christopher von Mammen ist ein gro\u00dfartiger K\u00fcnstler &#8211; in jeglicher Hinsicht.<\/em><\/div>\n<div><\/div>\n<div class=\"signature\"><strong><em>Hubert Winter<\/em><\/strong><\/div>\n<div><\/div>\n<div class=\"signature\"><em>Professor f\u00fcr Jazzsaxophon und Jazztheorie<br \/>\nHochschule f\u00fcr Musik W\u00fcrzburg<br \/>\n<a href=\"http:\/\/www.hubertwinter.de\/\">www.hubertwinter.de<\/a><\/em><\/div>\n<hr \/>\n<p class=\"p1\"><span class=\"s1\">Hallo Chris,<\/span><\/p>\n<p class=\"p1\"><span class=\"s1\">vielen Dank f\u00fcr deine meisterhafte Generalsanierung meines l\u00e4dierten Saxophons. Die tiefen T\u00f6ne \u201espringen\u201c wieder super an.<\/span><span class=\"s1\">Klasse war auch deine vorherige\u00a0 Beratung: alles ohne Zeitdruck (!) und super verst\u00e4ndlich erkl\u00e4rt. In dieser \u201etime-is-money-Welt\u201c\u00a0 einfach eine Wohltat.\u00a0<\/span><\/p>\n<div dir=\"ltr\"><strong>Liebe Gr\u00fc\u00dfe von Andrea K\u00f6nig<\/strong><\/div>\n<div dir=\"ltr\">\n<hr \/>\n<\/div>\n<p><span style=\"font-family: Verdana, sans-serif;\"><span style=\"font-size: small;\">Hallo Herr von Mammen,<br \/>\nvielen Dank f\u00fcr die sehr gute General\u00fcberholung meines Tenor-Saxophons. Es spielt wieder richtig gut und spricht leicht an&#8230; auch in den tiefen Lagen&#8230;Ich bin begeistert. \u00dcberhaupt war alles sehr unkompliziert. Vielen Dank!<br \/>\nLiebe Gr\u00fc\u00dfe\u00a0<\/span><\/span><\/p>\n<p><strong><span style=\"font-family: Verdana, sans-serif;\"><span style=\"font-size: small;\">Ursula Gotthardt, Koblenz<\/span><\/span><\/strong><\/p>\n<hr \/>\n<p>Hallo Christopher, vielen Dank f\u00fcr die tolle General\u00fcberholung meines Tenorsaxophons. Es l\u00e4sst sich wieder leichtg\u00e4ngig spielen und auch die tiefen T\u00f6ne sprechen richtig gut an. Du bist eine Bereicherung f\u00fcr uns Holzbl\u00e4ser im Raum Hof.Liebe Gr\u00fc\u00dfe<\/p>\n<p><strong>S.Straub, Hof<\/strong><\/p>\n<hr \/>\n<p>Hallo Chris,<\/p>\n<p>ich bin voll zufrieden mit dem Horn. das Alles funktioniert und es klingt gut. Vor ein paar Wochen haben noch \u00f6fter ein paar Klappen geklebt (G#\/Bb), aber das wird auch schon besser!<\/p>\n<div class=\"\">Ich hab gestern meine Abschlusspr\u00fcfung darauf gespielt und zum Gl\u00fcck hat alles geklappt. Danke dir! Du hast also auch einen Beitrag dazu geleistet! \ud83d\ude42<\/div>\n<div><\/div>\n<div><strong>Bastian Brugger<\/strong>,<strong> Stuttgart,\u00a0<a href=\"https:\/\/www.bastianbrugger.de\">www.bastianbrugger.de<\/a><\/strong><\/div>\n<div>\n<hr \/>\n<\/div>\n<div align=\"left\"><span style=\"font-family: Arial;\">Hallo Herr v. Mammen,<\/span><\/div>\n<div align=\"left\"><span style=\"font-family: Arial;\">\u00a0<\/span><\/div>\n<div align=\"left\"><span style=\"font-family: Arial;\">nachdem es f\u00fcr mich ein echtes Erlebnis war, mu\u00df ich mal kurz R\u00fcckmeldung geben: alle gr\u00f6\u00dferen Schwierigkeiten, die ich in letzter Zeit hatte, sind weg, tats\u00e4chlich geht da Horn besser denn je, meiner Meinung nach besser als neu. Gerade die tiefen T\u00f6ne habe noch nie so gut angesprochen wie jetzt. <\/span><\/div>\n<div align=\"left\"><span style=\"font-family: Arial;\">Das bringt mir viel Laune zur\u00fcck!<\/span><\/div>\n<div align=\"left\"><span style=\"font-family: Arial;\">\u00a0<\/span><\/div>\n<div align=\"left\"><span style=\"font-family: Arial;\">Sollte ich es parallel zum Berufsleben beibehalten k\u00f6nnen, melde ich mich wieder wegen einer richtigen \u00dcberholung.<\/span><\/div>\n<div align=\"left\"><span style=\"font-family: Arial;\">\u00a0<\/span><\/div>\n<div align=\"left\"><span style=\"font-family: Arial;\">Erstmal aber vielen Dank <\/span><\/div>\n<div align=\"left\"><span style=\"font-family: Arial;\">und ein gl\u00fcckliches neues Jahr!<\/span><\/div>\n<div align=\"left\"><span style=\"font-family: Arial;\">Sch\u00f6ne Gr\u00fc\u00dfe,<\/span><\/div>\n<div align=\"left\"><\/div>\n<div align=\"left\"><strong>H.K., Hof<\/strong><\/div>\n<div align=\"left\">\n<hr \/>\n<\/div>\n<p>Die lange Fahrt von K\u00f6ln nach Hof und wieder zur\u00fcck hat sich gelohnt! Ich reiste mit meinem geliebten Mark 6 Tenor an, welches ich erst ein paar Monate zuvor aus \u00fcber 30 H\u00f6rnern ausgew\u00e4hlt hatte.\u00a0Es funktionierte alles, aber eben gerade noch so&#8230;Es brauchte definitiv eine General\u00fcberholung!Christopher war genau die richtige Entscheidung, denn er hat mehr als ganze Arbeit geleistet! Mit viel Liebe f\u00fcrs Detail hat er auch die kleinsten Nuancen aus meinem Instrument herausgekitzelt.Die perfekte Kombination aus Kreativit\u00e4t und handwerklicher Pr\u00e4zision &#8211; kein Wunder, denn: Christopher von Mammen ist auch ein sehr guter Saxophonist!<\/p>\n<p><strong>Jens B\u00f6ckamp, K\u00f6ln, <a href=\"http:\/\/www.jensboeckamp.de\">www.jensboeckamp.de<\/a><\/strong><\/p>\n<hr \/>\n<p>Hallo Christopher v. Mammen,<\/p>\n<p>ich m\u00f6chte mich nochmals f\u00fcr die gelungene General\u00fcberholung meines<br \/>\nSaxophones bedanken. Es spielt sich super und sieht fast aus wie neu.<br \/>\nVielen Dank daf\u00fcr.\u00a0Viele Gr\u00fc\u00dfe<\/p>\n<p><strong>Bernd Albrecht, Osterburken<\/strong><\/p>\n<hr \/>\n<p>Lieber Christopher, herzlichen Dank f\u00fcr deine General\u00fcberholung meines Selmer II Altsaxophons. Meine Erwartungen haben sich voll und ganz erf\u00fcllt. Die Mechanik l\u00e4uft extrem glatt und leicht,\u00a0die Intonation hat sich in mehreren Details verbessert und der Klang ist zentriert und \u00fcber alle Lagen ausgewogen und leicht ansprechend. Auch die Anpassung der hoch e Klappe\u00a0an meinen rechten Zeigefinger bew\u00e4hrt sich bestens.\u00a0Dir alles Gute und weiterhin eine gl\u00fcckliche Hand mit den Instrumenten!<\/p>\n<p><strong>Johannes Neuner,\u00a0Berufsfachschule f\u00fcr Musik Sulzbach Rosenberg<\/strong><\/p>\n<hr \/>\n<p>Christopher von Mammen bringt alles mit, was man sich von einem Saxophondoktor erhofft. Umfassendes Wissen und Erfahrung, Zeit, Geduld und ist dazu noch ein wunderbar angenehmer Typ! Da nimmt man gerne eine mehrst\u00fcndige Zugfahrt auf sich, vor allem wenn das Resultat so der Wahnsinn ist. Mein Horn war beim Kauf eine richtige Apotheke und jetzt &#8211; ein richtiges &#8222;working-horn&#8220;! Mann kann einfach nicht anders als sich mit dem Intrument zu besch\u00e4ftigen, der Spa\u00dffaktor ist enorm! Tausend Dank daf\u00fcr!<\/p>\n<p><strong>Daniel Roncari, Stuttgart<\/strong><\/p>\n<hr \/>\n<p>Dankesch\u00f6n!!!<\/p>\n<div dir=\"auto\">Als Anf\u00e4nger hatt ich so meine H\u00e4nger!<\/div>\n<div dir=\"auto\">Wusst manchmal net mehr weiter &#8211; dacht, ich scheiter&#8230;!<\/div>\n<div dir=\"auto\">Der Christopher hat mein &#8222;Alt&#8220; dann mitgenommen &#8211;<\/div>\n<div dir=\"auto\">somit hat der Spa\u00df erst richtig begonnen!!!<\/div>\n<div dir=\"auto\">Klappen dicht &amp; Polster g&#8217;richt&#8216; &#8211;<\/div>\n<div dir=\"auto\">deshalb kriegt er vo mir, des Gedicht!!!<\/div>\n<div dir=\"auto\"><\/div>\n<div dir=\"auto\">Vom &#8222;Session-Groupie&#8220; Evi!<\/div>\n<div dir=\"auto\"><\/div>\n<div dir=\"auto\"><strong>Eveline Schmidt, Immenreuth<\/strong><\/div>\n<div dir=\"auto\">\n<hr \/>\n<\/div>\n<p>Mein Klangideal ist stark gepr\u00e4gt von der Vorstellung, die Kraft des anstrengungslosen und tiefen Atmens vollumf\u00e4nglich in einen warmen und flie\u00dfenden Klang umzuwandeln. Der Zustand meines Saxophons hat mir dabei schon oft Steine in den Weg gelegt. Christopher, du hast mich mit der General\u00fcberholung an meinem Altsaxophon sehr \u00fcberrascht. Ich w\u00fcrde den Effekt so beschreiben: als h\u00e4tte ich nach schleichendem Sehverlust wieder den Genuss scharf sehen zu k\u00f6nnen! Ich sch\u00e4tze deine Arbeit sehr und empfehle dich gerne weiter.<\/p>\n<p><strong>Julian Bossert, Berlin<\/strong><\/p>\n<hr \/>\n<p>Lieber Christopher, ich bin absolut beeindruckt und begeistert von deiner Arbeit an meinem Tenor Selmer Super Sax. Die Maschine l\u00e4uft und l\u00e4uft, da wackelt wirklich gar nichts mehr und was du aus dem \u00fcber 80 Jahre alten Instrument zus\u00e4tzlich noch an Sound rausgeholt hast, haut mich um. Man merkt einfach, dass du das Instrument als Musiker und Handwerker beherrschst und mit einem Perfektionismus an die Sache ran gehst, der seinesgleichen sucht! Danke f\u00fcr die tolle Arbeit!<\/p>\n<p><strong>Alexander B\u00fchl, Stuttgart,\u00a0<a href=\"www.alexanderbuehl.de\" target=\"_blank\" rel=\"noopener noreferrer\">www.alexanderbuehl.de<\/a><\/strong><\/p>\n<hr \/>\n<p>Christophers einzigartige Handwerkskunst sowie seine profunden Kenntnisse des Instruments -denn er ist selbst ein hervorragender Saxophonist! &#8211; machen ihn f\u00fcr mich zu einem absoluten Gl\u00fccksfall. Auf diese Weise kann er -wie kaum ein anderer-in allen Details auf meine W\u00fcnsche eingehen.<\/p>\n<p><strong>Mattheu Bordenave, M\u00fcnchen,\u00a0<a href=\"http:\/\/www.matthieubordenave.de\" target=\"_blank\" rel=\"noopener noreferrer\">www.matthieubordenave.de<\/a><\/strong><\/p>\n<hr \/>\n<p>Being not only a repairman but also a great saxophone player, Chris exactly knows how to overhaul a horn to get out the perfect sound.\u00a0With his experience and incredible knowledge, he was always able to find suitable solutions for the occasional problems with my vintage horns.\u00a0I warmly recommend Chris as the repairman of my choice. You\u2019ll find out that it just sounds better after he is done with your horn!<\/p>\n<p><strong>Alexander \u2019Sandi\u2019 Kuhn, Stuttgart,<\/strong>\u00a0<strong><a href=\"http:\/\/www.alexanderkuhn.com\" target=\"_blank\" rel=\"noopener noreferrer\">www.alexanderkuhn.com<\/a><\/strong><\/p>\n<hr \/>\n<p>Die Beziehung eines Musikers zu seinem Instrument ist bekanntlich eine ganz besondere. Technische Unstimmigkeiten am Instrument oder nur kleine Unsauberkeiten schr\u00e4nken den Spieler ein, blockieren seinen kreativen Output. Umso wichtiger ist deshalb die Wahl des \u201eRepairman\u201c seines Vertrauens. Bei Christopher von Mammen kann man die Suche nach selbigem getrost beenden. Chris \u00fcberzeugt nicht nur durch seine handwerklichen F\u00e4higkeiten, besondere Detailgenauigkeit und einen liebevollen Umgang mit dem Instrument sondern nicht zuletzt auch durch die Tatsache, dass er als hervorragender Saxophonist aus eigener Erfahrung genau wei\u00df, worum es einem Spieler geht.\u00a0F\u00fcr die General\u00fcberholung meines Yanagisawa Elimona Vintage Sopran Saxophons hat er sich besonders viel Zeit genommen und fantastische Arbeit geleistet. Das Instrument spielt sich so gut wie nie zuvor und die \u00dcberholung hat (auch durch die Entlackung) meine Erwartungen \u00fcbertroffen. Christopher von Mammen und den JazzWerkHof kann ich hiermit bedingungslos weiterempfehlen.<\/p>\n<p><strong>Stefan Karl Schmid &#8211; K\u00f6ln,\u00a0<\/strong><strong><a href=\"http:\/\/www.stefankarlschmid.net\" target=\"_blank\" rel=\"noopener noreferrer\">www.stefankarlschmid.net<\/a><\/strong><\/p>\n<hr \/>\n<div class=\"\">\n<p>Auf Grund meiner Erfahrungen war ich ein wenig in Sorge, betreffend der dringend ben\u00f6tigten General\u00fcberholung meines Selmer SA80 II. V\u00f6llig zu unrecht, von der ersten Minute an f\u00fchlte ich mein Saxophon in den besten H\u00e4nden. Das Resultat ist ein perfekt auf mich(!) eingestelltes Horn. Die Mechanik l\u00e4uft spielfrei und es deckt einwandfrei. Vielen Dank f\u00fcr Deine hervorragende Arbeit!<\/p>\n<p><strong>Peter \u201eFips\u201c Wrobel, Bad Steben,\u00a0<a href=\"http:\/\/www.dirtyheckelband.de\" target=\"_blank\" rel=\"noopener noreferrer\">www.dirtyheckelband.de<\/a><\/strong><\/p>\n<hr \/>\n<\/div>\n<p>Christophers Arbeit ist State of the Art, besser wird es nicht. Ich bin ein echter Freak, was den Zustand meiner Instrumente angeht &#8211; nach dem Service oder der \u00dcberholung bei Chris (ich habe schon einige H\u00f6rner von ihm machen lassen\u2026) l\u00e4uft alles, wie man sich es nur w\u00fcnscht, perfekt eingestellt, \u00e4sthetisch wunderbar abgerundet, keine Nachl\u00e4ssigkeiten &#8211; top!<\/p>\n<p><strong>Johannes Ludwig, K\u00f6ln, <a href=\"http:\/\/www.johannesludwig.com\" target=\"_blank\" rel=\"noopener noreferrer\">www.johannesludwig.com<\/a>, <a href=\"http:\/\/www.floatmusic.de\" target=\"_blank\" rel=\"noopener noreferrer\">www.floatmusic.de<\/a><\/strong><\/p>\n<hr \/>\n<p>Wer sein Instrument liebt und den Anspruch hat, dass dieses auch exzellente Pflege und Instandhaltung verdient, wird seine Reise zu Christopher von Mammen und JazzWerkHof nicht bereuen. Tats\u00e4chlich ist es meinem Horn noch nie so gut gegangen wie nach der &#8222;Instandsetzung&#8220;\u00a0bei Christopher. Man kann sich bei ihm immer sicher sein, dass sich das Instrument nach seiner Einstellung und Reparatur unglaublich gut anf\u00fchlt. Dies liegt mit Sicherheit besonders daran, dass er selbst ein hervorragender Saxophonist ist und deshalb genauestens die Bed\u00fcrfnisse eines Spielers kennt. Ganz besonders beeindruckt mich jedoch Christophers Liebe zum Detail. Mit seiner Leidenschaft und seinem Ehrgeiz schafft er es dem Instrument ungeahnte Qualit\u00e4ten zu entlocken. Selbst nach kleineren Instandhaltungsreparaturen, f\u00fcr die er sich im \u00dcbrigen immer Zeit nimmt, \u00fcbertrifft das Ergebnis meine Erwartungen. Wer also m\u00f6chte, dass sein Horn einmal so richtig zum laufen gebracht wird, sollte unbedingt die Reise nach Hof auf sich nehmen und sich von Christophers Handwerk \u00fcberzeugen lassen.<\/p>\n<p><strong>Julian Ritter, K\u00f6ln,\u00a0<a class=\"moz-txt-link-abbreviated\" href=\"http:\/\/www.julianrittermusic.com\/\" target=\"_blank\" rel=\"noopener noreferrer\">www.julianrittermusic.com<\/a>,\u00a0<a class=\"moz-txt-link-abbreviated\" href=\"http:\/\/www.botter-music.com\/\" target=\"_blank\" rel=\"noopener noreferrer\">www.botter-music.com<\/a><\/strong><\/p>\n<hr \/>\n<p>Lieber Christopher, vielen Dank f\u00fcr die exzellente Arbeit. Das alte Conn war vorher\u00a0in der tiefen Lage recht undicht und die Intonation von ein, zwei T\u00f6nen tanze sehr aus der Reihe. Seit der \u00dcberholung l\u00e4uft es wieder wie geschmiert und der Sound ist immer noch genauso grandios. Zum n\u00e4chsten Service komme ich gerne wieder!<\/p>\n<p><strong>Toni Bechtold, Schweiz,\u00a0<a href=\"http:\/\/www.tonibechtold.de\" target=\"_blank\" rel=\"noopener noreferrer\">www.tonibechtold.de<\/a><\/strong><\/p>\n<hr \/>\n<p>Nach der General\u00fcberholung meines Tenorsax Selmer Mark VI durch Chris klingt es so klar und so groovy wie nie zuvor. Auch die Mechanik l\u00e4uft butterweich und mit dem n\u00f6tigen Widerstand. Insgesamt eine akribische und liebevolle Detailarbeit ! Und das zu einem akzeptablen Preis.Vielen Dank daf\u00fcr &#8211; das \u00dcben macht jetzt doppelt Spa\u00df!<\/p>\n<p><strong>SaxPete, Hof<\/strong><\/p>\n","protected":false},"excerpt":{"rendered":"<p>Christopher von Mammens Arbeit ist absolut meisterhaft. Die General\u00fcberholung meines Tenors ist nicht nur aus handwerklicher Sicht als in h\u00f6chstem Ma\u00dfe fachm\u00e4nnisch einzustufen. Mit seinem Sinn f\u00fcr kleinste\u00a0Details hebt sich Christopher von anderen &#8222;Repair Men&#8220; ab. Mein Saxophon spielt sich, nachdem es in seinen begnadeten H\u00e4nden war, au\u00dfergew\u00f6hnlich gut. Man sp\u00fcrt in jedem Moment, was es bedeutet, dass Christopher nicht nur ein fantastischer Handwerker, sondern auch ein exzellenter Musiker ist. Als erfahrener Player wei\u00df er genau, wie sich ein Horn anf\u00fchlen muss. Christopher von Mammen ist ein gro\u00dfartiger K\u00fcnstler &#8211; in jeglicher Hinsicht. Hubert Winter Professor f\u00fcr Jazzsaxophon und Jazztheorie Hochschule f\u00fcr Musik W\u00fcrzburg www.hubertwinter.de Hallo Chris, vielen Dank f\u00fcr &hellip; <\/p>\n<p class=\"link-more\"><a href=\"https:\/\/christophervonmammen.de\/?page_id=4493\" class=\"more-link\">Mehr <span class=\"screen-reader-text\">\u00fcber &#8222;Reviews&#8220; <\/span>Lesen<\/a><\/p>\n","protected":false},"author":1,"featured_media":0,"parent":0,"menu_order":0,"comment_status":"closed","ping_status":"closed","template":"","meta":{"footnotes":""},"class_list":["post-4493","page","type-page","status-publish","hentry"],"_links":{"self":[{"href":"https:\/\/christophervonmammen.de\/index.php?rest_route=\/wp\/v2\/pages\/4493","targetHints":{"allow":["GET"]}}],"collection":[{"href":"https:\/\/christophervonmammen.de\/index.php?rest_route=\/wp\/v2\/pages"}],"about":[{"href":"https:\/\/christophervonmammen.de\/index.php?rest_route=\/wp\/v2\/types\/page"}],"author":[{"embeddable":true,"href":"https:\/\/christophervonmammen.de\/index.php?rest_route=\/wp\/v2\/users\/1"}],"replies":[{"embeddable":true,"href":"https:\/\/christophervonmammen.de\/index.php?rest_route=%2Fwp%2Fv2%2Fcomments&post=4493"}],"version-history":[{"count":155,"href":"https:\/\/christophervonmammen.de\/index.php?rest_route=\/wp\/v2\/pages\/4493\/revisions"}],"predecessor-version":[{"id":6207,"href":"https:\/\/christophervonmammen.de\/index.php?rest_route=\/wp\/v2\/pages\/4493\/revisions\/6207"}],"wp:attachment":[{"href":"https:\/\/christophervonmammen.de\/index.php?rest_route=%2Fwp%2Fv2%2Fmedia&parent=4493"}],"curies":[{"name":"wp","href":"https:\/\/api.w.org\/{rel}","templated":true}]}}