{"id":4747,"date":"2015-11-15T23:11:07","date_gmt":"2015-11-15T23:11:07","guid":{"rendered":"http:\/\/christophervonmammen.de\/?page_id=4747"},"modified":"2024-04-23T18:19:16","modified_gmt":"2024-04-23T18:19:16","slug":"mietkonzept","status":"publish","type":"page","link":"https:\/\/christophervonmammen.de\/?page_id=4747","title":{"rendered":"Mietkonzept"},"content":{"rendered":"<p>Bei JazzWerkHof ist es m\u00f6glich, nicht nur ein neues oder gebrauchtes Holzblasinstrument mit Gew\u00e4hrleistung und professionellen Service zu erwerben, sondern auch ein <strong>jederzeit<\/strong> professionell\u00a0gewartetes Instrument zu mieten.<\/p>\n<p>Laufzeiten sind variabel und jederzeit k\u00fcndbar.<\/p>\n<p>Die Mietgeb\u00fchr der ersten <strong>6\u00a0Monate<\/strong> kann bei Kauf eines <strong>Gebrauchtinstrumentes<\/strong> auf den Kaufpreis angerechnet werden.<\/p>\n<p>Die Mietgeb\u00fchr von maximal <strong>12\u00a0Monaten<\/strong> kann bei Kauf eines <strong>Neuinstrumentes<\/strong> auf den Kaufpreis voll angerechnet werden.<\/p>\n<p>Beispiele:<\/p>\n<p>YAMAHA Altsaxophon <strong>YAS 280<\/strong> 1189,00 \u20ac (inkl. 1 Jahr Service und Gew\u00e4hrleistung sowie Zubeh\u00f6r), der monatliche Mietzins betr\u00e4gt 30,00 \u20ac. Nach maximal 1 Jahr k\u00f6nnen folglich 360,00 \u20ac auf den Kaufpreis angerechnet werden.<\/p>\n<p>YAMAHA Tenorsaxophon <strong>YTS 280<\/strong> neu 1789,00 \u20ac (inkl. 1 Jahr Service und Gew\u00e4hrleistung sowie Zubeh\u00f6r), der monatliche Mietzins betr\u00e4gt 35,00 \u20ac. Nach maximal 1 Jahr k\u00f6nnen folglich 420,00 \u20ac auf den Kaufpreis angerechnet werden.<\/p>\n<p>YAMAHA Querfl\u00f6te <strong>YFL 212<\/strong> neu 745,00 \u20ac (inkl. 1 Jahr Service und Gew\u00e4hrleistung), der monatliche Mietzins betr\u00e4gt 25,00 \u20ac. Nach maximal 1 Jahr k\u00f6nnen folglich 300,00 \u20ac auf den Kaufpreis angerechnet werden.<\/p>\n<p>YAMAHA Querfl\u00f6te <strong>YFL 272<\/strong> neu 795,00 \u20ac (inkl. 1 Jahr Service und Gew\u00e4hrleistung), der monatliche Mietzins betr\u00e4gt 25,00 \u20ac. Nach maximal 1 Jahr k\u00f6nnen folglich 300,00 \u20ac auf den Kaufpreis angerechnet werden.<\/p>\n<p>Grunds\u00e4tzlich stehen Holzblasinstrumente zur Miete zur Verf\u00fcgung. Bitte fragen Sie uns bei Interesse rechtzeitig mit etwas Vorlauf nach einem Mietinstrument, damit wir noch gen\u00fcgen Zeit haben, uns um die Organisation\/ Beschaffung &#8211; z.B. vor Schulbeginn oder vor Weihnachten &#8211; zu k\u00fcmmern.<\/p>\n<p>Bei Gefallen kann das gemietete Instrument unter Anrechnung des jeweils vereinbarten Mietzinses erworben werden (s.o.).<\/p>\n<p>Bei Nichtgefallen kann das Instrument \u00a0einfach zur\u00fcckgegeben werden, wobei keine zus\u00e4tzlichen Kosten anfallen.<\/p>\n","protected":false},"excerpt":{"rendered":"<p>Bei JazzWerkHof ist es m\u00f6glich, nicht nur ein neues oder gebrauchtes Holzblasinstrument mit Gew\u00e4hrleistung und professionellen Service zu erwerben, sondern auch ein jederzeit professionell\u00a0gewartetes Instrument zu mieten. Laufzeiten sind variabel und jederzeit k\u00fcndbar. Die Mietgeb\u00fchr der ersten 6\u00a0Monate kann bei Kauf eines Gebrauchtinstrumentes auf den Kaufpreis angerechnet werden. Die Mietgeb\u00fchr von maximal 12\u00a0Monaten kann bei Kauf eines Neuinstrumentes auf den Kaufpreis voll angerechnet werden. Beispiele: YAMAHA Altsaxophon YAS 280 1189,00 \u20ac (inkl. 1 Jahr Service und Gew\u00e4hrleistung sowie Zubeh\u00f6r), der monatliche Mietzins betr\u00e4gt 30,00 \u20ac. Nach maximal 1 Jahr k\u00f6nnen folglich 360,00 \u20ac auf den Kaufpreis angerechnet werden. YAMAHA Tenorsaxophon YTS 280 neu 1789,00 \u20ac (inkl. 1 Jahr Service und &hellip; <\/p>\n<p class=\"link-more\"><a href=\"https:\/\/christophervonmammen.de\/?page_id=4747\" class=\"more-link\">Mehr <span class=\"screen-reader-text\">\u00fcber &#8222;Mietkonzept&#8220; <\/span>Lesen<\/a><\/p>\n","protected":false},"author":1,"featured_media":4651,"parent":0,"menu_order":0,"comment_status":"closed","ping_status":"closed","template":"","meta":{"footnotes":""},"class_list":["post-4747","page","type-page","status-publish","has-post-thumbnail","hentry"],"_links":{"self":[{"href":"https:\/\/christophervonmammen.de\/index.php?rest_route=\/wp\/v2\/pages\/4747","targetHints":{"allow":["GET"]}}],"collection":[{"href":"https:\/\/christophervonmammen.de\/index.php?rest_route=\/wp\/v2\/pages"}],"about":[{"href":"https:\/\/christophervonmammen.de\/index.php?rest_route=\/wp\/v2\/types\/page"}],"author":[{"embeddable":true,"href":"https:\/\/christophervonmammen.de\/index.php?rest_route=\/wp\/v2\/users\/1"}],"replies":[{"embeddable":true,"href":"https:\/\/christophervonmammen.de\/index.php?rest_route=%2Fwp%2Fv2%2Fcomments&post=4747"}],"version-history":[{"count":32,"href":"https:\/\/christophervonmammen.de\/index.php?rest_route=\/wp\/v2\/pages\/4747\/revisions"}],"predecessor-version":[{"id":6496,"href":"https:\/\/christophervonmammen.de\/index.php?rest_route=\/wp\/v2\/pages\/4747\/revisions\/6496"}],"wp:featuredmedia":[{"embeddable":true,"href":"https:\/\/christophervonmammen.de\/index.php?rest_route=\/wp\/v2\/media\/4651"}],"wp:attachment":[{"href":"https:\/\/christophervonmammen.de\/index.php?rest_route=%2Fwp%2Fv2%2Fmedia&parent=4747"}],"curies":[{"name":"wp","href":"https:\/\/api.w.org\/{rel}","templated":true}]}}