{"id":5114,"date":"2016-11-25T22:00:32","date_gmt":"2016-11-25T22:00:32","guid":{"rendered":"http:\/\/christophervonmammen.de\/?page_id=5114"},"modified":"2023-03-06T16:43:14","modified_gmt":"2023-03-06T16:43:14","slug":"generalueberholungen","status":"publish","type":"page","link":"https:\/\/christophervonmammen.de\/?page_id=5114","title":{"rendered":"General\u00fcberholungen"},"content":{"rendered":"<p>Ein Holzblasinstrument &#8211; egal, ob Klarinette, Saxophon, Querfl\u00f6te, Oboe oder Fagott &#8211; kann nur dann richtig funktionieren, wenn eine absolute Dichtigkeit der Polster in den Klappen gew\u00e4hrleistet ist. Genau dies ist oft das Problem bei \u00e4lteren Instrumenten, bei denen die Flexibilit\u00e4t und Geschmeidigkeit der Polster \u00fcber die Jahre hinweg nachgelassen haben. \u00c4ltere Polster und eine ausgeschlagene Mechanik k\u00f6nnen nur noch bedingt nachjustiert werden, sodass schlie\u00dflich \u00a0nur \u00a0eine General\u00fcberholung sinnvoll ist. Im Rahmen dieser umfangreichen Reparatur werden u.a. folgende Arbeiten durchgef\u00fchrt:<\/p>\n<ol>\n<li>Instrument zerlegen, Polster, Kork und Filz entfernen<\/li>\n<li>Instrument reinigen (u.a. Entkalken des S-Bogens)<\/li>\n<li>S-Bogen anpassen und Kork erneuern<\/li>\n<li>Planfr\u00e4sen der Tonkamine *, Entgraten<\/li>\n<li>Federn erneuern *<\/li>\n<li>L\u00f6tarbeiten und Ausbeularbeiten *<\/li>\n<li>Ausrichten des Korpus *<\/li>\n<li>Anpassen der gesamten Mechanik<\/li>\n<li>Anfertigen neuer Achsen *<\/li>\n<li>Bepolstern des Instrumentes (Pisoni Waterproof, Pisoni Pro)<\/li>\n<li>Grobjustieren und erneutes Zerlegen des Instrumentes<\/li>\n<li>Bekleben der Anschlagstellen mit Kork und Filz<\/li>\n<li>\u00d6len und Zusammenbau des Instrumentes<\/li>\n<li>Einjustieren der Mechanik<\/li>\n<li>Ansprache- und Intonationstest<\/li>\n<li>Feinjustage und Optimierung<\/li>\n<\/ol>\n<p>*\u00a0 = bei Bedarf und nach Absprache<\/p>\n","protected":false},"excerpt":{"rendered":"<p>Ein Holzblasinstrument &#8211; egal, ob Klarinette, Saxophon, Querfl\u00f6te, Oboe oder Fagott &#8211; kann nur dann richtig funktionieren, wenn eine absolute Dichtigkeit der Polster in den Klappen gew\u00e4hrleistet ist. Genau dies ist oft das Problem bei \u00e4lteren Instrumenten, bei denen die Flexibilit\u00e4t und Geschmeidigkeit der Polster \u00fcber die Jahre hinweg nachgelassen haben. \u00c4ltere Polster und eine ausgeschlagene Mechanik k\u00f6nnen nur noch bedingt nachjustiert werden, sodass schlie\u00dflich \u00a0nur \u00a0eine General\u00fcberholung sinnvoll ist. Im Rahmen dieser umfangreichen Reparatur werden u.a. folgende Arbeiten durchgef\u00fchrt: Instrument zerlegen, Polster, Kork und Filz entfernen Instrument reinigen (u.a. Entkalken des S-Bogens) S-Bogen anpassen und Kork erneuern Planfr\u00e4sen der Tonkamine *, Entgraten Federn erneuern * L\u00f6tarbeiten und Ausbeularbeiten * &hellip; <\/p>\n<p class=\"link-more\"><a href=\"https:\/\/christophervonmammen.de\/?page_id=5114\" class=\"more-link\">Mehr <span class=\"screen-reader-text\">\u00fcber &#8222;General\u00fcberholungen&#8220; <\/span>Lesen<\/a><\/p>\n","protected":false},"author":1,"featured_media":4365,"parent":0,"menu_order":0,"comment_status":"closed","ping_status":"closed","template":"","meta":{"footnotes":""},"class_list":["post-5114","page","type-page","status-publish","has-post-thumbnail","hentry"],"_links":{"self":[{"href":"https:\/\/christophervonmammen.de\/index.php?rest_route=\/wp\/v2\/pages\/5114","targetHints":{"allow":["GET"]}}],"collection":[{"href":"https:\/\/christophervonmammen.de\/index.php?rest_route=\/wp\/v2\/pages"}],"about":[{"href":"https:\/\/christophervonmammen.de\/index.php?rest_route=\/wp\/v2\/types\/page"}],"author":[{"embeddable":true,"href":"https:\/\/christophervonmammen.de\/index.php?rest_route=\/wp\/v2\/users\/1"}],"replies":[{"embeddable":true,"href":"https:\/\/christophervonmammen.de\/index.php?rest_route=%2Fwp%2Fv2%2Fcomments&post=5114"}],"version-history":[{"count":29,"href":"https:\/\/christophervonmammen.de\/index.php?rest_route=\/wp\/v2\/pages\/5114\/revisions"}],"predecessor-version":[{"id":6251,"href":"https:\/\/christophervonmammen.de\/index.php?rest_route=\/wp\/v2\/pages\/5114\/revisions\/6251"}],"wp:featuredmedia":[{"embeddable":true,"href":"https:\/\/christophervonmammen.de\/index.php?rest_route=\/wp\/v2\/media\/4365"}],"wp:attachment":[{"href":"https:\/\/christophervonmammen.de\/index.php?rest_route=%2Fwp%2Fv2%2Fmedia&parent=5114"}],"curies":[{"name":"wp","href":"https:\/\/api.w.org\/{rel}","templated":true}]}}