{"id":5267,"date":"2018-02-09T22:32:54","date_gmt":"2018-02-09T22:32:54","guid":{"rendered":"http:\/\/christophervonmammen.de\/?page_id=5267"},"modified":"2025-12-14T10:15:50","modified_gmt":"2025-12-14T10:15:50","slug":"first-aid-kit","status":"publish","type":"page","link":"https:\/\/christophervonmammen.de\/?page_id=5267","title":{"rendered":"First Aid Kit"},"content":{"rendered":"<h2 style=\"text-align: center;\"><span style=\"color: #000000;\">Das professionelle REPARATUR-SET f\u00fcr Holzblasinstrumentalisten!<\/span><\/h2>\r\n<p>&nbsp;<\/p>\r\n<hr \/>\r\n<div id=\"ds_div\">\r\n<p>Professionelles Reparatur-Set f\u00fcr Holzblasinstrumente (First Aid Kit)<\/p>\r\n<p>Dieses professionelle Erste-Hilfe-Set wurde entwickelt, um bei akuten Problemen z.B. w\u00e4hrend eines Auftrittes, einer Probe oder im Unterricht das jeweilige defekte Instrument wieder spielbar zu machen. \u00a0Es ist ausschlie\u00dflich mit durchdachten und qualitativ sehr hochwertigen Werkzeugen und Materialien ausgestattet, die es z.T. nicht zu kaufen gibt und in Handarbeit (eigene Herstellung) angefertigt werden.<\/p>\r\n<p>Das First Aid Kit hat eine Gr\u00f6\u00dfe von 15 x 8 x 2.7 cm,\u00a0der Inhalt kann beliebig gestaltet oder erweitert werden, viele Bestandteile \u00a0k\u00f6nnen in eigener Regie nachgekauft oder bei JazzWerkHof nachbestellt werden &#8211; eine solide Anschaffung und ein guter &#8222;Freund&#8220; f\u00fcrs ganze (Musiker-) Leben.<\/p>\r\n<p>Inhalt:<\/p>\r\n<ul>\r\n<li>Stabile Blechdose, lebensmittelecht, in der Gr\u00f6\u00dfe 15 x 8 x 2.7 cm<\/li>\r\n<li>Hochwertiger Feinmechaniker- Schraubendreher (WERA)<\/li>\r\n<li>Stabile Feinmechaniker- Pinzette aus Metall<\/li>\r\n<li>Aus Stahl handgefertigter Federnhaken<\/li>\r\n<li>Eigens entworfenes Biegeblech aus Alu<\/li>\r\n<li>Dosierflasche (10 ml) mit harzfreiem Holzblasinstrumenten\u00f6l<\/li>\r\n<li>Dosierflasche (10 ml) mit Polster- Reiniger<\/li>\r\n<li>1 g Pattex Sekundenkleber-Gel<\/li>\r\n<li>4 cm Kork (1,5mm), je 2 cm HiTech Felt (0,5 mm + 0,9 mm) und Rubber Cork (0,7 mm)<\/li>\r\n<li>5 Derby Premium Rasierklingen<\/li>\r\n<li>2 Kork-Keile<\/li>\r\n<li>3 g Korkfett<\/li>\r\n<li>Nadelfedern (je 0,6 mm + 1,0 mm)<\/li>\r\n<li>3 Pfeifenreiniger<\/li>\r\n<li>3 Ringgummis<\/li>\r\n<li>2 Streifen Gewebesandpapier (K\u00f6rnung 220 + 400)<\/li>\r\n<li>Hochwertiges Putztuch mit eingefasstem Rand, schwarz, 12 x 18 cm<\/li>\r\n<\/ul>\r\n<\/div>\r\n<hr \/>\r\n<p>Das CVM First Aid Kit wird komplett f\u00fcr 49,00 \u20ac (inkl. 19 % MwSt.) angeboten und ist innerhalb einer Woche lieferbar. Zuz\u00fcglich Versandpauschale 5,00 \u20ac versichert (DHL) innerhalb Deutschlands.<\/p>\r\n<hr \/>\r\n<p>Bezahlung per \u00dcberweisung oder Rechnung. <span class=\"highlight four\">Bitte schreiben Sie uns eine Nachricht zur Bestellung oder rufen Sie uns an &#8211; 09281-5933599 oder 0179-8501438 (WhatsApp) oder email an: christophervonmammen@gmail.com.<\/span><\/p>\r\n<p>Vielen Dank f\u00fcr Ihr Interesse.<\/p>\r\n<p><strong>Direkt-Verkauf und Vertrieb \u00fcber JazzWerkHof.<\/strong><\/p>\r\n<p>Angebot solange Vorrat reicht. F\u00fcr Druckfehler und Irrt\u00fcmer wird keine Haftung \u00fcbernommen. CVM und JAZZWERKHOF behalten sich vor, \u00c4nderungen am Inhalt und Design des First Aid Kits durchzuf\u00fchren.\u00a0<\/p>\r\n<p><a href=\"https:\/\/christophervonmammen.de\/wp-content\/uploads\/2018\/04\/Set-komplett-scaled.jpg\"><img loading=\"lazy\" decoding=\"async\" class=\"alignleft wp-image-5384\" src=\"https:\/\/christophervonmammen.de\/wp-content\/uploads\/2018\/04\/Set-komplett-1024x672.jpg\" alt=\"\" width=\"600\" height=\"394\" srcset=\"https:\/\/christophervonmammen.de\/wp-content\/uploads\/2018\/04\/Set-komplett-1024x672.jpg 1024w, https:\/\/christophervonmammen.de\/wp-content\/uploads\/2018\/04\/Set-komplett-600x394.jpg 600w, https:\/\/christophervonmammen.de\/wp-content\/uploads\/2018\/04\/Set-komplett-300x197.jpg 300w, https:\/\/christophervonmammen.de\/wp-content\/uploads\/2018\/04\/Set-komplett-768x504.jpg 768w, https:\/\/christophervonmammen.de\/wp-content\/uploads\/2018\/04\/Set-komplett-scaled-2000x1312.jpg 2000w\" sizes=\"auto, (max-width: 600px) 100vw, 600px\" \/><\/a><\/p>\r\n<p>&nbsp;<\/p>\r\n<p>&nbsp;<\/p>\r\n<p>&nbsp;<\/p>\r\n<p>&nbsp;<\/p>\r\n<p>&nbsp;<\/p>\r\n<p><a href=\"https:\/\/christophervonmammen.de\/wp-content\/uploads\/2025\/12\/FAK-video-SD-480p.mov\" target=\"_blank\" rel=\"noopener\">Produktvideo hier klicken!<\/a><\/p>\r\n<p>&nbsp;<\/p>\r\n<p>&nbsp;<\/p>\r\n<p>&nbsp;<\/p>\r\n<p>&nbsp;<\/p>\r\n<p>&nbsp;<\/p>\r\n<p>Katrin Scherer von &#8222;Saxophon Online Kurs&#8220; hat mir freundlicherweise ein Video zur Verf\u00fcgung gestellt, in dem das Set vorgestellt wird. Vielen Dank, Katrin \ud83d\ude09<\/p>\r\n<p><blockquote hcb-fetch-image-from=\"https:\/\/saxophonkurs-online.de\/150-first-aid-kit-fuers-saxophon\/\" class=\"wp-embedded-content\" data-secret=\"6pZwSaPoHH\"><a href=\"https:\/\/saxophonkurs-online.de\/150-first-aid-kit-fuers-saxophon\/\">#150 First Aid Kit f\u00fcrs Saxophon<\/a><\/blockquote><iframe loading=\"lazy\" class=\"wp-embedded-content\" sandbox=\"allow-scripts\" security=\"restricted\" style=\"position: absolute; visibility: hidden;\" title=\"&#8222;#150 First Aid Kit f\u00fcrs Saxophon&#8220; &#8212; \" src=\"https:\/\/saxophonkurs-online.de\/150-first-aid-kit-fuers-saxophon\/embed\/#?secret=9MTPs13qwH#?secret=6pZwSaPoHH\" data-secret=\"6pZwSaPoHH\" width=\"600\" height=\"338\" frameborder=\"0\" marginwidth=\"0\" marginheight=\"0\" scrolling=\"no\"><\/iframe><\/p>\r\n<p>&nbsp;<\/p>\r\n<p>&nbsp;<\/p>\r\n","protected":false},"excerpt":{"rendered":"<p>Das professionelle REPARATUR-SET f\u00fcr Holzblasinstrumentalisten! &nbsp; Professionelles Reparatur-Set f\u00fcr Holzblasinstrumente (First Aid Kit) Dieses professionelle Erste-Hilfe-Set wurde entwickelt, um bei akuten Problemen z.B. w\u00e4hrend eines Auftrittes, einer Probe oder im Unterricht das jeweilige defekte Instrument wieder spielbar zu machen. \u00a0Es ist ausschlie\u00dflich mit durchdachten und qualitativ sehr hochwertigen Werkzeugen und Materialien ausgestattet, die es z.T. nicht zu kaufen gibt und in Handarbeit (eigene Herstellung) angefertigt werden. Das First Aid Kit hat eine Gr\u00f6\u00dfe von 15 x 8 x 2.7 cm,\u00a0der Inhalt kann beliebig gestaltet oder erweitert werden, viele Bestandteile \u00a0k\u00f6nnen in eigener Regie nachgekauft oder bei JazzWerkHof nachbestellt werden &#8211; eine solide Anschaffung und ein guter &#8222;Freund&#8220; f\u00fcrs ganze (Musiker-) &hellip; <\/p>\n<p class=\"link-more\"><a href=\"https:\/\/christophervonmammen.de\/?page_id=5267\" class=\"more-link\">Mehr <span class=\"screen-reader-text\">\u00fcber &#8222;First Aid Kit&#8220; <\/span>Lesen<\/a><\/p>\n","protected":false},"author":1,"featured_media":5295,"parent":0,"menu_order":0,"comment_status":"closed","ping_status":"closed","template":"","meta":{"footnotes":""},"class_list":["post-5267","page","type-page","status-publish","has-post-thumbnail","hentry"],"_links":{"self":[{"href":"https:\/\/christophervonmammen.de\/index.php?rest_route=\/wp\/v2\/pages\/5267","targetHints":{"allow":["GET"]}}],"collection":[{"href":"https:\/\/christophervonmammen.de\/index.php?rest_route=\/wp\/v2\/pages"}],"about":[{"href":"https:\/\/christophervonmammen.de\/index.php?rest_route=\/wp\/v2\/types\/page"}],"author":[{"embeddable":true,"href":"https:\/\/christophervonmammen.de\/index.php?rest_route=\/wp\/v2\/users\/1"}],"replies":[{"embeddable":true,"href":"https:\/\/christophervonmammen.de\/index.php?rest_route=%2Fwp%2Fv2%2Fcomments&post=5267"}],"version-history":[{"count":208,"href":"https:\/\/christophervonmammen.de\/index.php?rest_route=\/wp\/v2\/pages\/5267\/revisions"}],"predecessor-version":[{"id":6606,"href":"https:\/\/christophervonmammen.de\/index.php?rest_route=\/wp\/v2\/pages\/5267\/revisions\/6606"}],"wp:featuredmedia":[{"embeddable":true,"href":"https:\/\/christophervonmammen.de\/index.php?rest_route=\/wp\/v2\/media\/5295"}],"wp:attachment":[{"href":"https:\/\/christophervonmammen.de\/index.php?rest_route=%2Fwp%2Fv2%2Fmedia&parent=5267"}],"curies":[{"name":"wp","href":"https:\/\/api.w.org\/{rel}","templated":true}]}}