{"id":6166,"date":"2023-01-31T20:28:14","date_gmt":"2023-01-31T20:28:14","guid":{"rendered":"https:\/\/christophervonmammen.de\/?page_id=6166"},"modified":"2023-01-31T21:20:27","modified_gmt":"2023-01-31T21:20:27","slug":"jazzwerkhof","status":"publish","type":"page","link":"https:\/\/christophervonmammen.de\/?page_id=6166","title":{"rendered":"JazzWerkHof"},"content":{"rendered":"<p><b>Verkauf<\/b><\/p>\n<p>Holzblasinstrumente namhafter&nbsp;Hersteller wie <b>Selmer<\/b>, <b>Yamaha<\/b>, <b>P.Mauriat<\/b>, <b>Buffet &amp;<\/b> <b>Crampon<\/b>, <b>Adler<\/b> oder <b>Yanagisawa<\/b>. Zubeh\u00f6r von k&amp;m, vandoren, b&amp;g, bam, bags, etc. Zudem bestellen&nbsp;wir gerne Ihre <b>Musiknoten<\/b>&nbsp;bei <a href=\"http:\/\/www.grahl-ffm.de\/\">Grahl &amp; Nicklas <\/a>(Lieferung bis zum \u00fcbern\u00e4chsten Tag).<\/p>\n<p><b>Vintage Horns<\/b><\/p>\n<p>Alte Instrumente&nbsp;haben oft mehr &#8222;Charme und Seele&#8220; und sind deshalb wegen ihrer Individualit\u00e4t beliebt und&nbsp;gefragt. Instrumente dieser Art auf Anfrage (und mit Wartezeit).<\/p>\n<p><b>Reparatur &amp; General\u00fcberholung<\/b><\/p>\n<p>Reparaturen, General\u00fcberholungen bzw. Restaurationen von <b>Saxophonen<\/b> jeglicher Art bei uns. General\u00fcberholungen und gr\u00f6\u00dfere Reparaturen von allen anderen Holzblasinstrumenten&nbsp;in enger Zusammenarbeit mit der Firma <a href=\"http:\/\/www.holzblaeser-erlangen.de\/\">Holzbl\u00e4ser Erlangen.<\/a><\/p>\n<p><b>Service<\/b><\/p>\n<p>(J\u00e4hrlicher) Service ist f\u00fcr Holzblasinstrumente (Neuinstrumente) im ersten Jahr inklusive. Dieser Service ist auch f\u00fcr alle anderen Holzblasinstrumente erh\u00e4ltlich und empfohlen, um die einwandfreie Spielbarkeit und Ansprache zu garantieren.<\/p>\n","protected":false},"excerpt":{"rendered":"<p>Verkauf Holzblasinstrumente namhafter&nbsp;Hersteller wie Selmer, Yamaha, P.Mauriat, Buffet &amp; Crampon, Adler oder Yanagisawa. Zubeh\u00f6r von k&amp;m, vandoren, b&amp;g, bam, bags, etc. Zudem bestellen&nbsp;wir gerne Ihre Musiknoten&nbsp;bei Grahl &amp; Nicklas (Lieferung bis zum \u00fcbern\u00e4chsten Tag). Vintage Horns Alte Instrumente&nbsp;haben oft mehr &#8222;Charme und Seele&#8220; und sind deshalb wegen ihrer Individualit\u00e4t beliebt und&nbsp;gefragt. Instrumente dieser Art auf Anfrage (und mit Wartezeit). Reparatur &amp; General\u00fcberholung Reparaturen, General\u00fcberholungen bzw. Restaurationen von Saxophonen jeglicher Art bei uns. General\u00fcberholungen und gr\u00f6\u00dfere Reparaturen von allen anderen Holzblasinstrumenten&nbsp;in enger Zusammenarbeit mit der Firma Holzbl\u00e4ser Erlangen. Service (J\u00e4hrlicher) Service ist f\u00fcr Holzblasinstrumente (Neuinstrumente) im ersten Jahr inklusive. Dieser Service ist auch f\u00fcr alle anderen Holzblasinstrumente erh\u00e4ltlich und empfohlen, um &hellip; <\/p>\n<p class=\"link-more\"><a href=\"https:\/\/christophervonmammen.de\/?page_id=6166\" class=\"more-link\">Mehr <span class=\"screen-reader-text\">\u00fcber &#8222;JazzWerkHof&#8220; <\/span>Lesen<\/a><\/p>\n","protected":false},"author":1,"featured_media":4983,"parent":0,"menu_order":0,"comment_status":"closed","ping_status":"closed","template":"","meta":{"footnotes":""},"class_list":["post-6166","page","type-page","status-publish","has-post-thumbnail","hentry"],"_links":{"self":[{"href":"https:\/\/christophervonmammen.de\/index.php?rest_route=\/wp\/v2\/pages\/6166","targetHints":{"allow":["GET"]}}],"collection":[{"href":"https:\/\/christophervonmammen.de\/index.php?rest_route=\/wp\/v2\/pages"}],"about":[{"href":"https:\/\/christophervonmammen.de\/index.php?rest_route=\/wp\/v2\/types\/page"}],"author":[{"embeddable":true,"href":"https:\/\/christophervonmammen.de\/index.php?rest_route=\/wp\/v2\/users\/1"}],"replies":[{"embeddable":true,"href":"https:\/\/christophervonmammen.de\/index.php?rest_route=%2Fwp%2Fv2%2Fcomments&post=6166"}],"version-history":[{"count":2,"href":"https:\/\/christophervonmammen.de\/index.php?rest_route=\/wp\/v2\/pages\/6166\/revisions"}],"predecessor-version":[{"id":6169,"href":"https:\/\/christophervonmammen.de\/index.php?rest_route=\/wp\/v2\/pages\/6166\/revisions\/6169"}],"wp:featuredmedia":[{"embeddable":true,"href":"https:\/\/christophervonmammen.de\/index.php?rest_route=\/wp\/v2\/media\/4983"}],"wp:attachment":[{"href":"https:\/\/christophervonmammen.de\/index.php?rest_route=%2Fwp%2Fv2%2Fmedia&parent=6166"}],"curies":[{"name":"wp","href":"https:\/\/api.w.org\/{rel}","templated":true}]}}